{"id":3781,"date":"2021-05-10T12:52:58","date_gmt":"2021-05-10T12:52:58","guid":{"rendered":"https:\/\/naturalpharmaceuticals.eu\/?page_id=3781"},"modified":"2025-05-21T11:18:35","modified_gmt":"2025-05-21T11:18:35","slug":"trajnostno-poslovanje","status":"publish","type":"page","link":"https:\/\/naturalpharmaceuticals.eu\/sl\/trajnostno-poslovanje\/","title":{"rendered":"Trajnostno poslovanje"},"content":{"rendered":"\n<h2 class=\"wp-block-heading\"><strong><strong>Zgrajeno na&nbsp;trajnostnosti&nbsp;in odgovornosti<\/strong>&nbsp;<\/strong><\/h2>\n\n\n\n<p>Trajnostno poslovanje je temelj na\u0161ega delovanja. Na\u0161e poslovanje temelji na naravnih morskih virih iz \u010distih, neokrnjenih, ledenih voda arkti\u010dne Norve\u0161ke. \u010ce ne bomo dobro poskrbeli za okolje, iz katerega pridobivamo vire, bomo uni\u010dili svoje poslovanje, morski sektor, katerega del smo, in kar je najpomembneje, prihodnost na\u0161ega ekosistema.&nbsp;<\/p>\n\n\n\n<p>Norve\u0161ke ribogojnice veljajo za najbolje upravljane ribogojnice na svetu. Vzpostavljeni so strogi predpisi za prepre\u010devanje \u010dezmernega ribolova in za minimizacijo u\u010dinka na okoli\u0161ko morsko okolje.&nbsp;<\/p>\n\n\n\n<h2 class=\"wp-block-heading\"><strong><strong>Najvi\u0161ji standardi in certifikati<\/strong>&nbsp;<\/strong><\/h2>\n\n\n\n<div class=\"wp-block-columns is-layout-flex wp-container-core-columns-is-layout-1 wp-block-columns-is-layout-flex\">\n<div class=\"wp-block-column is-layout-flow wp-block-column-is-layout-flow\" style=\"flex-basis:66.66%\">\n<p>Na\u0161i dobavitelji morajo izpolnjevati visoke standarde. Ribogojnice, dobavitelji in rafinerije morajo imeti certifikat s podro\u010dja trajnostnega poslovanja. Na\u0161e lososovo olje je prejelo certifikat organizacije\u00a0The\u00a0Aquamarine\u00a0Stewardship\u00a0Council, ki zahteva izpolnjevanje najvi\u0161jih standardov na podro\u010dju gojenja lososa, prav tako pa se pona\u0161a s certifikatoma organizacij Friend\u00a0of\u00a0the\u00a0Sea.\u00a0<\/p>\n<\/div>\n\n\n\n<div class=\"wp-block-column is-layout-flow wp-block-column-is-layout-flow\" style=\"flex-basis:33.33%\">\n<figure class=\"wp-block-image size-full\"><img loading=\"lazy\" decoding=\"async\" width=\"596\" height=\"288\" src=\"https:\/\/naturalpharmaceuticals.eu\/wp-content\/uploads\/sites\/2\/2020\/12\/Farmed_responsibly_asc_certified.jpg\" alt=\"\" class=\"wp-image-841\" srcset=\"https:\/\/naturalpharmaceuticals.eu\/wp-content\/uploads\/sites\/2\/2020\/12\/Farmed_responsibly_asc_certified.jpg 596w, https:\/\/naturalpharmaceuticals.eu\/wp-content\/uploads\/sites\/2\/2020\/12\/Farmed_responsibly_asc_certified-300x145.jpg 300w\" sizes=\"auto, (max-width: 596px) 100vw, 596px\" \/><figcaption class=\"wp-element-caption\">Na\u0161e lososovo olje je prejelo certifikat s podro\u010dja trajnosti organizacije The Aquamarine Stewardship Council.<\/figcaption><\/figure>\n<\/div>\n<\/div>\n\n\n\n<h2 class=\"wp-block-heading\"><strong><strong>Sledljivost od ikre do olja<\/strong>&nbsp;<\/strong><\/h2>\n\n\n\n<div class=\"wp-block-columns is-layout-flex wp-container-core-columns-is-layout-3 wp-block-columns-is-layout-flex\">\n<div class=\"wp-block-column is-layout-flow wp-block-column-is-layout-flow\" style=\"flex-basis:66.66%\">\n<p>Sledimo lahko izvoru vseh ribjih olj, ki jih uporabljamo v na\u0161ih izdelkih. Lososu v na\u0161em olju lahko sledimo od takrat, ko je \u0161e majhna ikra, do takrat, ko se razvije v lososa in postane del lososovega olja. Olju iz divjih rib pa lahko sledimo nazaj do originalnega ulova v morju. Sledljivost v okviru celotne vrednostne verige je klju\u010dnega pomena za strog nadzor kakovosti.&nbsp;<\/p>\n<\/div>\n\n\n\n<div class=\"wp-block-column is-layout-flow wp-block-column-is-layout-flow\" style=\"flex-basis:33.33%\">\n<div class=\"wp-block-columns is-layout-flex wp-container-core-columns-is-layout-2 wp-block-columns-is-layout-flex\">\n<div class=\"wp-block-column is-vertically-aligned-center is-layout-flow wp-block-column-is-layout-flow\"><div class=\"wp-block-image\">\n<figure class=\"aligncenter size-large\"><img loading=\"lazy\" decoding=\"async\" width=\"436\" height=\"420\" src=\"https:\/\/naturalpharmaceuticals.eu\/wp-content\/uploads\/sites\/2\/2020\/12\/Friend_of_the_sea_logo.png\" alt=\"\" class=\"wp-image-842\" srcset=\"https:\/\/naturalpharmaceuticals.eu\/wp-content\/uploads\/sites\/2\/2020\/12\/Friend_of_the_sea_logo.png 436w, https:\/\/naturalpharmaceuticals.eu\/wp-content\/uploads\/sites\/2\/2020\/12\/Friend_of_the_sea_logo-300x289.png 300w\" sizes=\"auto, (max-width: 436px) 100vw, 436px\" \/><\/figure><\/div><\/div>\n<\/div>\n\n\n\n<p class=\"has-text-color\" style=\"color:#929394\">Na\u0161e koncentrirano ribje olje je prejelo certifikat organizacije Friend of the Sea.<\/p>\n<\/div>\n<\/div>\n\n\n\n<div class=\"wp-block-columns is-layout-flex wp-container-core-columns-is-layout-4 wp-block-columns-is-layout-flex\">\n<div class=\"wp-block-column is-layout-flow wp-block-column-is-layout-flow\" style=\"flex-basis:66.66%\">\n<p>Lososovo olje je bolj\u0161e in zato veliko dra\u017eje kot drugi viri omega-3-ma\u0161\u010dobnih kislin, \u010de upo\u0161tevamo ceno na gram omega-3-ma\u0161\u010dobnih kislin. Zato da potro\u0161nikom ni treba skrbeti, ali vsaka kapsula&nbsp;OmegaMarine&nbsp;Forte+ vsebuje navedeno koli\u010dino&nbsp;lososovega olja, organizacija ORIVO certificira vsako serijo, ki jo proizvedemo. \u0160tevilka proizvodne serije je navedena na vseh stekleni\u010dkah prehranskega dopolnila&nbsp;OmegaMarine&nbsp;Forte+ in potro\u0161niki lahko preverijo vsako \u0161tevilko serije na spletni strani organizacije ORIVO. Podjetje&nbsp;Natural&nbsp;Pharmaceuticals&nbsp;je prvi ponudnik izdelkov z omega-3-ma\u0161\u010dobnimi kislinami na svetu, ki s pomo\u010djo organizacije ORIVO neodvisno certificira vrste rib v izdelkih z omega-3-ma\u0161\u010dobnimi kislinami.&nbsp;<\/p>\n<\/div>\n\n\n\n<div class=\"wp-block-column is-layout-flow wp-block-column-is-layout-flow\" style=\"flex-basis:33.33%\">\n<figure class=\"wp-block-image size-large\"><img loading=\"lazy\" decoding=\"async\" width=\"701\" height=\"720\" src=\"https:\/\/naturalpharmaceuticals.eu\/wp-content\/uploads\/sites\/2\/2020\/12\/orivo.png\" alt=\"\" class=\"wp-image-844\" srcset=\"https:\/\/naturalpharmaceuticals.eu\/wp-content\/uploads\/sites\/2\/2020\/12\/orivo.png 701w, https:\/\/naturalpharmaceuticals.eu\/wp-content\/uploads\/sites\/2\/2020\/12\/orivo-292x300.png 292w\" sizes=\"auto, (max-width: 701px) 100vw, 701px\" \/><figcaption class=\"wp-element-caption\">OmegaMarine Forte+ je prvi izdelek z omega-3-ma\u0161\u010dobnimi kislinami na svetu, ki ga je certificirala organizacija ORIVO. ORIVO potrjuje, da je prehransko dopolnilo OmegaMarine Forte+ pridobljeno iz norve\u0161kega lososa.<\/figcaption><\/figure>\n<\/div>\n<\/div>\n\n\n\n<h2 class=\"wp-block-heading\"><strong><strong>Certificirano kakovostna proizvodnja<\/strong>&nbsp;<\/strong><\/h2>\n\n\n\n<div class=\"wp-block-columns is-layout-flex wp-container-core-columns-is-layout-5 wp-block-columns-is-layout-flex\">\n<div class=\"wp-block-column is-layout-flow wp-block-column-is-layout-flow\" style=\"flex-basis:66.66%\">\n<p>Na\u0161 obrat za proizvodnjo kapsul in tablet&nbsp;Pharmatech, ki deluje na Norve\u0161kem, se pona\u0161a s certifikatom GMP (Good&nbsp;Manufacturing&nbsp;Practice) in velja za najve\u010dji tovrstni obrat na Norve\u0161kem.&nbsp;<\/p>\n\n\n\n<p>Vsi na\u0161i izdelki so prav tako certificirani s strani organizacije&nbsp;Informed&nbsp;Sport, kar \u0161portnikom zagotavlja, da ne vsebujejo sestavin, ki so prepovedane v profesionalnem \u0161portu.&nbsp;<\/p>\n\n\n\n<p>Podjetje&nbsp;Natural&nbsp;Pharmaceuticals&nbsp;je \u010dlan GOED, pano\u017ene organizacije proizvajalcev in distributerjev izdelkov z omega-3-ma\u0161\u010dobnimi kislinami, ter sledi eti\u010dnim standardom glede izdelkov, prodaje in tr\u017eenja, ki jih dolo\u010da ta organizacija.&nbsp;<\/p>\n<\/div>\n\n\n\n<div class=\"wp-block-column is-layout-flow wp-block-column-is-layout-flow\" style=\"flex-basis:33.33%\">\n<figure class=\"wp-block-image size-large\"><img loading=\"lazy\" decoding=\"async\" width=\"836\" height=\"1024\" src=\"https:\/\/naturalpharmaceuticals.eu\/wp-content\/uploads\/sites\/2\/2020\/12\/InformedSport_Logo_RGB_0-836x1024.png\" alt=\"\" class=\"wp-image-845\" srcset=\"https:\/\/naturalpharmaceuticals.eu\/wp-content\/uploads\/sites\/2\/2020\/12\/InformedSport_Logo_RGB_0-836x1024.png 836w, https:\/\/naturalpharmaceuticals.eu\/wp-content\/uploads\/sites\/2\/2020\/12\/InformedSport_Logo_RGB_0-245x300.png 245w, https:\/\/naturalpharmaceuticals.eu\/wp-content\/uploads\/sites\/2\/2020\/12\/InformedSport_Logo_RGB_0-768x941.png 768w, https:\/\/naturalpharmaceuticals.eu\/wp-content\/uploads\/sites\/2\/2020\/12\/InformedSport_Logo_RGB_0.png 960w\" sizes=\"auto, (max-width: 836px) 100vw, 836px\" \/><figcaption class=\"wp-element-caption\">Na\u0161i izdelki so certificirani s strani organizacije Informed Sport, kar \u0161portnikom zagotavlja, da ne vsebujejo sestavin, ki so prepovedane v profesionalnem \u0161portu.<\/figcaption><\/figure>\n<\/div>\n<\/div>\n\n\n\n<h2 class=\"wp-block-heading\"><strong><strong>Zdrava blagovna znamka leta 2020<\/strong>&nbsp;<\/strong><\/h2>\n\n\n\n<p>Podjetje&nbsp;Natural&nbsp;Pharmaceuticals&nbsp;je prejelo nagrado \u00bbzdrava blagovna znamka leta 2020\u00ab za na\u0161e vodilno prehransko dopolnilo&nbsp;OmegaMarine&nbsp;Forte+. Leto za letom po izboru \u017eirij potro\u0161nikov, ki jih organizirajo neodvisni in\u0161tituti, prejemamo nagrade, ki priznavajo na\u0161e visoke standarde storitev za stranke.&nbsp;<\/p>\n\n\n\n<p>Program dru\u017ebene odgovornosti podjetja&nbsp;Natural&nbsp;Pharmaceuticals&nbsp;vklju\u010duje podporo delovanju organizacije UNICEF.&nbsp;<\/p>\n\n\n\n<p>Zadevne certifikate in zagotovila si lahko ogledate <a href=\"https:\/\/naturalpharmaceuticals.eu\/sl\/nasa-zagotovila\/\">tukaj<\/a>.<\/p>\n\n\n\n<p><\/p>\n","protected":false},"excerpt":{"rendered":"<p>Zgrajeno na&nbsp;trajnostnosti&nbsp;in odgovornosti&nbsp; Trajnostno poslovanje je temelj na\u0161ega delovanja. Na\u0161e poslovanje temelji na naravnih morskih virih iz \u010distih, neokrnjenih, ledenih voda arkti\u010dne Norve\u0161ke. \u010ce ne bomo dobro poskrbeli za okolje, iz katerega pridobivamo vire, bomo uni\u010dili svoje poslovanje, morski sektor,&#x2026; <\/p>\n<p class=\"more-link-container th-uppercase\"><a href=\"https:\/\/naturalpharmaceuticals.eu\/sl\/trajnostno-poslovanje\/\" class=\"more-link\">Read More <span class=\"screen-reader-text\">Trajnostno poslovanje<\/span><\/a><\/p>\n","protected":false},"author":1,"featured_media":3783,"parent":0,"menu_order":0,"comment_status":"closed","ping_status":"closed","template":"templates\/grid-full-width-page.php","meta":{"ub_ctt_via":"","footnotes":""},"class_list":["post-3781","page","type-page","status-publish","has-post-thumbnail","hentry"],"featured_image_src":"https:\/\/naturalpharmaceuticals.eu\/wp-content\/uploads\/sites\/2\/2020\/12\/sustainability_1070x335.jpg","yoast_head":"<!-- This site is optimized with the Yoast SEO plugin v24.4 - https:\/\/yoast.com\/wordpress\/plugins\/seo\/ -->\n<title>Trajnostno poslovanje - Natural Pharmaceuticals<\/title>\n<meta name=\"robots\" content=\"index, follow, max-snippet:-1, max-image-preview:large, max-video-preview:-1\" \/>\n<link rel=\"canonical\" href=\"https:\/\/naturalpharmaceuticals.eu\/sl\/trajnostno-poslovanje\/\" \/>\n<meta property=\"og:locale\" content=\"sl_SI\" \/>\n<meta property=\"og:type\" content=\"article\" \/>\n<meta property=\"og:title\" content=\"Trajnostno poslovanje - Natural Pharmaceuticals\" \/>\n<meta property=\"og:description\" content=\"Zgrajeno na&nbsp;trajnostnosti&nbsp;in odgovornosti&nbsp; Trajnostno poslovanje je temelj na\u0161ega delovanja. Na\u0161e poslovanje temelji na naravnih morskih virih iz \u010distih, neokrnjenih, ledenih voda arkti\u010dne Norve\u0161ke. \u010ce ne bomo dobro poskrbeli za okolje, iz katerega pridobivamo vire, bomo uni\u010dili svoje poslovanje, morski sektor,&#x2026; Read More Trajnostno poslovanje\" \/>\n<meta property=\"og:url\" content=\"https:\/\/naturalpharmaceuticals.eu\/sl\/trajnostno-poslovanje\/\" \/>\n<meta property=\"og:site_name\" content=\"Natural Pharmaceuticals\" \/>\n<meta property=\"article:modified_time\" content=\"2025-05-21T11:18:35+00:00\" \/>\n<meta property=\"og:image\" content=\"https:\/\/naturalpharmaceuticals.eu\/wp-content\/uploads\/sites\/2\/2020\/12\/sustainability_1070x335.jpg\" \/>\n\t<meta property=\"og:image:width\" content=\"1070\" \/>\n\t<meta property=\"og:image:height\" content=\"335\" \/>\n\t<meta property=\"og:image:type\" content=\"image\/jpeg\" \/>\n<meta name=\"twitter:card\" content=\"summary_large_image\" \/>\n<meta name=\"twitter:label1\" content=\"Est. reading time\" \/>\n\t<meta name=\"twitter:data1\" content=\"5 minut\" \/>\n<script type=\"application\/ld+json\" class=\"yoast-schema-graph\">{\"@context\":\"https:\/\/schema.org\",\"@graph\":[{\"@type\":\"WebPage\",\"@id\":\"https:\/\/naturalpharmaceuticals.eu\/sl\/trajnostno-poslovanje\/\",\"url\":\"https:\/\/naturalpharmaceuticals.eu\/sl\/trajnostno-poslovanje\/\",\"name\":\"Trajnostno poslovanje - Natural Pharmaceuticals\",\"isPartOf\":{\"@id\":\"https:\/\/naturalpharmaceuticals.eu\/sl\/#website\"},\"primaryImageOfPage\":{\"@id\":\"https:\/\/naturalpharmaceuticals.eu\/sl\/trajnostno-poslovanje\/#primaryimage\"},\"image\":{\"@id\":\"https:\/\/naturalpharmaceuticals.eu\/sl\/trajnostno-poslovanje\/#primaryimage\"},\"thumbnailUrl\":\"https:\/\/naturalpharmaceuticals.eu\/wp-content\/uploads\/sites\/2\/2020\/12\/sustainability_1070x335.jpg\",\"datePublished\":\"2021-05-10T12:52:58+00:00\",\"dateModified\":\"2025-05-21T11:18:35+00:00\",\"breadcrumb\":{\"@id\":\"https:\/\/naturalpharmaceuticals.eu\/sl\/trajnostno-poslovanje\/#breadcrumb\"},\"inLanguage\":\"sl-SI\",\"potentialAction\":[{\"@type\":\"ReadAction\",\"target\":[\"https:\/\/naturalpharmaceuticals.eu\/sl\/trajnostno-poslovanje\/\"]}]},{\"@type\":\"ImageObject\",\"inLanguage\":\"sl-SI\",\"@id\":\"https:\/\/naturalpharmaceuticals.eu\/sl\/trajnostno-poslovanje\/#primaryimage\",\"url\":\"https:\/\/naturalpharmaceuticals.eu\/wp-content\/uploads\/sites\/2\/2020\/12\/sustainability_1070x335.jpg\",\"contentUrl\":\"https:\/\/naturalpharmaceuticals.eu\/wp-content\/uploads\/sites\/2\/2020\/12\/sustainability_1070x335.jpg\",\"width\":1070,\"height\":335},{\"@type\":\"BreadcrumbList\",\"@id\":\"https:\/\/naturalpharmaceuticals.eu\/sl\/trajnostno-poslovanje\/#breadcrumb\",\"itemListElement\":[{\"@type\":\"ListItem\",\"position\":1,\"name\":\"Home\",\"item\":\"https:\/\/naturalpharmaceuticals.eu\/sl\/\"},{\"@type\":\"ListItem\",\"position\":2,\"name\":\"Trajnostno poslovanje\"}]},{\"@type\":\"WebSite\",\"@id\":\"https:\/\/naturalpharmaceuticals.eu\/sl\/#website\",\"url\":\"https:\/\/naturalpharmaceuticals.eu\/sl\/\",\"name\":\"Natural Pharmaceuticals\",\"description\":\"\",\"publisher\":{\"@id\":\"https:\/\/naturalpharmaceuticals.eu\/sl\/#organization\"},\"potentialAction\":[{\"@type\":\"SearchAction\",\"target\":{\"@type\":\"EntryPoint\",\"urlTemplate\":\"https:\/\/naturalpharmaceuticals.eu\/sl\/?s={search_term_string}\"},\"query-input\":{\"@type\":\"PropertyValueSpecification\",\"valueRequired\":true,\"valueName\":\"search_term_string\"}}],\"inLanguage\":\"sl-SI\"},{\"@type\":\"Organization\",\"@id\":\"https:\/\/naturalpharmaceuticals.eu\/sl\/#organization\",\"name\":\"Natural Pharmaceuticals\",\"url\":\"https:\/\/naturalpharmaceuticals.eu\/sl\/\",\"logo\":{\"@type\":\"ImageObject\",\"inLanguage\":\"sl-SI\",\"@id\":\"https:\/\/naturalpharmaceuticals.eu\/sl\/#\/schema\/logo\/image\/\",\"url\":\"https:\/\/naturalpharmaceuticals.eu\/wp-content\/uploads\/sites\/2\/2020\/11\/cropped-natural-pharmaceuticals-logo.png\",\"contentUrl\":\"https:\/\/naturalpharmaceuticals.eu\/wp-content\/uploads\/sites\/2\/2020\/11\/cropped-natural-pharmaceuticals-logo.png\",\"width\":900,\"height\":323,\"caption\":\"Natural Pharmaceuticals\"},\"image\":{\"@id\":\"https:\/\/naturalpharmaceuticals.eu\/sl\/#\/schema\/logo\/image\/\"}}]}<\/script>\n<!-- \/ Yoast SEO plugin. -->","yoast_head_json":{"title":"Trajnostno poslovanje - Natural Pharmaceuticals","robots":{"index":"index","follow":"follow","max-snippet":"max-snippet:-1","max-image-preview":"max-image-preview:large","max-video-preview":"max-video-preview:-1"},"canonical":"https:\/\/naturalpharmaceuticals.eu\/sl\/trajnostno-poslovanje\/","og_locale":"sl_SI","og_type":"article","og_title":"Trajnostno poslovanje - Natural Pharmaceuticals","og_description":"Zgrajeno na&nbsp;trajnostnosti&nbsp;in odgovornosti&nbsp; Trajnostno poslovanje je temelj na\u0161ega delovanja. Na\u0161e poslovanje temelji na naravnih morskih virih iz \u010distih, neokrnjenih, ledenih voda arkti\u010dne Norve\u0161ke. \u010ce ne bomo dobro poskrbeli za okolje, iz katerega pridobivamo vire, bomo uni\u010dili svoje poslovanje, morski sektor,&#x2026; Read More Trajnostno poslovanje","og_url":"https:\/\/naturalpharmaceuticals.eu\/sl\/trajnostno-poslovanje\/","og_site_name":"Natural Pharmaceuticals","article_modified_time":"2025-05-21T11:18:35+00:00","og_image":[{"width":1070,"height":335,"url":"https:\/\/naturalpharmaceuticals.eu\/wp-content\/uploads\/sites\/2\/2020\/12\/sustainability_1070x335.jpg","type":"image\/jpeg"}],"twitter_card":"summary_large_image","twitter_misc":{"Est. reading time":"5 minut"},"schema":{"@context":"https:\/\/schema.org","@graph":[{"@type":"WebPage","@id":"https:\/\/naturalpharmaceuticals.eu\/sl\/trajnostno-poslovanje\/","url":"https:\/\/naturalpharmaceuticals.eu\/sl\/trajnostno-poslovanje\/","name":"Trajnostno poslovanje - Natural Pharmaceuticals","isPartOf":{"@id":"https:\/\/naturalpharmaceuticals.eu\/sl\/#website"},"primaryImageOfPage":{"@id":"https:\/\/naturalpharmaceuticals.eu\/sl\/trajnostno-poslovanje\/#primaryimage"},"image":{"@id":"https:\/\/naturalpharmaceuticals.eu\/sl\/trajnostno-poslovanje\/#primaryimage"},"thumbnailUrl":"https:\/\/naturalpharmaceuticals.eu\/wp-content\/uploads\/sites\/2\/2020\/12\/sustainability_1070x335.jpg","datePublished":"2021-05-10T12:52:58+00:00","dateModified":"2025-05-21T11:18:35+00:00","breadcrumb":{"@id":"https:\/\/naturalpharmaceuticals.eu\/sl\/trajnostno-poslovanje\/#breadcrumb"},"inLanguage":"sl-SI","potentialAction":[{"@type":"ReadAction","target":["https:\/\/naturalpharmaceuticals.eu\/sl\/trajnostno-poslovanje\/"]}]},{"@type":"ImageObject","inLanguage":"sl-SI","@id":"https:\/\/naturalpharmaceuticals.eu\/sl\/trajnostno-poslovanje\/#primaryimage","url":"https:\/\/naturalpharmaceuticals.eu\/wp-content\/uploads\/sites\/2\/2020\/12\/sustainability_1070x335.jpg","contentUrl":"https:\/\/naturalpharmaceuticals.eu\/wp-content\/uploads\/sites\/2\/2020\/12\/sustainability_1070x335.jpg","width":1070,"height":335},{"@type":"BreadcrumbList","@id":"https:\/\/naturalpharmaceuticals.eu\/sl\/trajnostno-poslovanje\/#breadcrumb","itemListElement":[{"@type":"ListItem","position":1,"name":"Home","item":"https:\/\/naturalpharmaceuticals.eu\/sl\/"},{"@type":"ListItem","position":2,"name":"Trajnostno poslovanje"}]},{"@type":"WebSite","@id":"https:\/\/naturalpharmaceuticals.eu\/sl\/#website","url":"https:\/\/naturalpharmaceuticals.eu\/sl\/","name":"Natural Pharmaceuticals","description":"","publisher":{"@id":"https:\/\/naturalpharmaceuticals.eu\/sl\/#organization"},"potentialAction":[{"@type":"SearchAction","target":{"@type":"EntryPoint","urlTemplate":"https:\/\/naturalpharmaceuticals.eu\/sl\/?s={search_term_string}"},"query-input":{"@type":"PropertyValueSpecification","valueRequired":true,"valueName":"search_term_string"}}],"inLanguage":"sl-SI"},{"@type":"Organization","@id":"https:\/\/naturalpharmaceuticals.eu\/sl\/#organization","name":"Natural Pharmaceuticals","url":"https:\/\/naturalpharmaceuticals.eu\/sl\/","logo":{"@type":"ImageObject","inLanguage":"sl-SI","@id":"https:\/\/naturalpharmaceuticals.eu\/sl\/#\/schema\/logo\/image\/","url":"https:\/\/naturalpharmaceuticals.eu\/wp-content\/uploads\/sites\/2\/2020\/11\/cropped-natural-pharmaceuticals-logo.png","contentUrl":"https:\/\/naturalpharmaceuticals.eu\/wp-content\/uploads\/sites\/2\/2020\/11\/cropped-natural-pharmaceuticals-logo.png","width":900,"height":323,"caption":"Natural Pharmaceuticals"},"image":{"@id":"https:\/\/naturalpharmaceuticals.eu\/sl\/#\/schema\/logo\/image\/"}}]}},"jetpack_sharing_enabled":true,"_links":{"self":[{"href":"https:\/\/naturalpharmaceuticals.eu\/sl\/wp-json\/wp\/v2\/pages\/3781","targetHints":{"allow":["GET"]}}],"collection":[{"href":"https:\/\/naturalpharmaceuticals.eu\/sl\/wp-json\/wp\/v2\/pages"}],"about":[{"href":"https:\/\/naturalpharmaceuticals.eu\/sl\/wp-json\/wp\/v2\/types\/page"}],"author":[{"embeddable":true,"href":"https:\/\/naturalpharmaceuticals.eu\/sl\/wp-json\/wp\/v2\/users\/1"}],"replies":[{"embeddable":true,"href":"https:\/\/naturalpharmaceuticals.eu\/sl\/wp-json\/wp\/v2\/comments?post=3781"}],"version-history":[{"count":4,"href":"https:\/\/naturalpharmaceuticals.eu\/sl\/wp-json\/wp\/v2\/pages\/3781\/revisions"}],"predecessor-version":[{"id":33923,"href":"https:\/\/naturalpharmaceuticals.eu\/sl\/wp-json\/wp\/v2\/pages\/3781\/revisions\/33923"}],"wp:featuredmedia":[{"embeddable":true,"href":"https:\/\/naturalpharmaceuticals.eu\/sl\/wp-json\/wp\/v2\/media\/3783"}],"wp:attachment":[{"href":"https:\/\/naturalpharmaceuticals.eu\/sl\/wp-json\/wp\/v2\/media?parent=3781"}],"curies":[{"name":"wp","href":"https:\/\/api.w.org\/{rel}","templated":true}]}}