{"id":3800,"date":"2021-05-10T13:11:01","date_gmt":"2021-05-10T13:11:01","guid":{"rendered":"https:\/\/naturalpharmaceuticals.eu\/?page_id=3800"},"modified":"2021-12-27T11:59:57","modified_gmt":"2021-12-27T11:59:57","slug":"fleximed","status":"publish","type":"page","link":"https:\/\/naturalpharmaceuticals.eu\/sl\/nasi-izdelki\/fleximed\/","title":{"rendered":"FlexiMed"},"content":{"rendered":"\n<div class=\"wp-block-group\"><div class=\"wp-block-group__inner-container is-layout-flow wp-block-group-is-layout-flow\">\n<div class=\"wp-block-columns is-layout-flex wp-container-core-columns-is-layout-1 wp-block-columns-is-layout-flex\">\n<div class=\"wp-block-column is-layout-flow wp-block-column-is-layout-flow\">\n<figure class=\"wp-block-image size-large sticky\"><img loading=\"lazy\" decoding=\"async\" width=\"768\" height=\"768\" src=\"https:\/\/naturalpharmaceuticals.eu\/wp-content\/uploads\/sites\/2\/2020\/12\/FM_www_768x768.png\" alt=\"\" class=\"wp-image-1044\" srcset=\"https:\/\/naturalpharmaceuticals.eu\/wp-content\/uploads\/sites\/2\/2020\/12\/FM_www_768x768.png 768w, https:\/\/naturalpharmaceuticals.eu\/wp-content\/uploads\/sites\/2\/2020\/12\/FM_www_768x768-300x300.png 300w, https:\/\/naturalpharmaceuticals.eu\/wp-content\/uploads\/sites\/2\/2020\/12\/FM_www_768x768-150x150.png 150w, https:\/\/naturalpharmaceuticals.eu\/wp-content\/uploads\/sites\/2\/2020\/12\/FM_www_768x768-200x200.png 200w\" sizes=\"auto, (max-width: 768px) 100vw, 768px\" \/><\/figure>\n<\/div>\n\n\n\n<div class=\"wp-block-column product-info-frame is-layout-flow wp-block-column-is-layout-flow\">\n<p style=\"font-size:18px\"><strong>FlexiMed<\/strong><\/p>\n\n\n\n<ul class=\"list-style-check-sign line-height-2 wp-block-list\"><li>Edinstvene sestavine za zdrave sklepe.<\/li><li>Inovativna patentirana proizvodna metoda (morski kalcij).<\/li><li>Naju\u010dinkovitej\u0161i kalcij, pridobljen iz morskih virov.<\/li><li>Visoka vsebnost glukozamina.<\/li><li>Kolagen tipa II.<\/li><li>Podpira pro\u017enost in zagotavlja hranila sklepnemu hrustancu.&nbsp;<\/li><li>Vitamin C ima vlogo pri nastajanju kolagena za normalno delovanje kosti.&nbsp;<\/li><li>Za udobno gibanje.<\/li><\/ul>\n\n\n\n<p><\/p>\n<\/div>\n<\/div>\n<\/div><\/div>\n\n\n\n<div class=\"packshot-bg-wrapper\"><div class=\"full-width-inside-container packshot-bg packshot-bg-fm\"><\/div><\/div>\n\n\n\n<p>Vloga klju\u010dnih sestavin zdravila FlexiMed v \u010dlove\u0161kem telesu je v skladu s trditvami o vplivu na zdravje, ki jih je odobrila Evropska agencija za varnost hrane (EFSA):<\/p>\n\n\n\n<p>Kalcij, magnezij, mangan in vitamin D prispevajo k ohranjanju zdravih kosti.&nbsp;<br>Vitamin C ima vlogo pri nastajanju kolagena za normalno delovanje hrustanca.&nbsp;<br>Vitamin C ima vlogo pri nastajanju kolagena za normalno delovanje kosti.&nbsp;<br>Kalcij, magnezij in vitamin D&nbsp;prispevajo k delovanju&nbsp;mi\u0161ic.&nbsp;<\/p>\n\n\n<div role=\"tabpanel\" class=\"wp-block-ub-tabbed-content-tab-content-wrap ub-hide\"\n        id=\"ub-tabbed-content--panel-0\" aria-labelledby=\"ub-tabbed-content--tab-0\" tabindex=\"0\">\n\n<p><a href=\"https:\/\/nordicmed.natural.pl\/?page_id=326\">Preview in new tab(opens in a new tab)<\/a><\/p>\n\n\n\n<p>reviews<\/p>\n\n<\/div>\n\n<div role=\"tabpanel\" class=\"wp-block-ub-tabbed-content-tab-content-wrap ub-hide\"\n        id=\"ub-tabbed-content--panel-1\" aria-labelledby=\"ub-tabbed-content--tab-1\" tabindex=\"0\">\n\n<p><\/p>\n\n<\/div>\n\n<div role=\"tabpanel\" class=\"wp-block-ub-tabbed-content-tab-content-wrap ub-hide\"\n        id=\"ub-tabbed-content--panel-2\" aria-labelledby=\"ub-tabbed-content--tab-2\" tabindex=\"0\">\n\n<p><\/p>\n\n<\/div>\n\n<div class=\"wp-block-ub-tabbed-content-block wp-block-ub-tabbed-content wp-block-ub-tabbed-content-holder wp-block-ub-tabbed-content-horizontal-holder-mobile wp-block-ub-tabbed-content-horizontal-holder-tablet\" id=\"ub-tabbed-content-d3dd41d2-ed8f-4f8b-b4b1-d6ac39ec0d12\">\n\t\t\t<div class=\"wp-block-ub-tabbed-content-tab-holder horizontal-tab-width-mobile horizontal-tab-width-tablet\">\n\t\t\t\t<div role=\"tablist\" class=\"wp-block-ub-tabbed-content-tabs-title wp-block-ub-tabbed-content-tabs-title-mobile-horizontal-tab wp-block-ub-tabbed-content-tabs-title-tablet-horizontal-tab\"><div role=\"tab\" id=\"ub-tabbed-content-d3dd41d2-ed8f-4f8b-b4b1-d6ac39ec0d12-tab-0\" aria-controls=\"ub-tabbed-content-d3dd41d2-ed8f-4f8b-b4b1-d6ac39ec0d12-panel-0\" aria-selected=\"true\" class=\"wp-block-ub-tabbed-content-tab-title-wrap active\" style=\"\" tabindex=\"-1\">\n\t\t\t\t<div class=\"wp-block-ub-tabbed-content-tab-title\">Hranilne vrednosti<\/div>\n\t\t\t<\/div><\/div>\n\t\t\t<\/div>\n\t\t\t<div class=\"wp-block-ub-tabbed-content-tabs-content\" style=\"\"><div role=\"tabpanel\" class=\"wp-block-ub-tabbed-content-tab-content-wrap active\"\n        id=\"ub-tabbed-content-d3dd41d2-ed8f-4f8b-b4b1-d6ac39ec0d12-panel-0\" aria-labelledby=\"ub-tabbed-content-d3dd41d2-ed8f-4f8b-b4b1-d6ac39ec0d12-tab-0\" tabindex=\"0\">\n\n<p>FlexiMed<\/p>\n\n\n\n<figure class=\"wp-block-table is-style-borders\"><table><tbody><tr><th><strong>Sestava<\/strong><\/th><th>3 tablete<\/th><th><strong>%DRI*<\/strong><\/th><\/tr><tr><td>Glukozamin&nbsp;sulfat<\/td><td>800 mg<\/td><td>&#8211;<\/td><\/tr><tr><td>&nbsp;&nbsp;&nbsp;&nbsp;<strong>Od&nbsp;tega:<\/strong><\/td><td><\/td><td><\/td><\/tr><tr><td>&nbsp;&nbsp;&nbsp;&nbsp;&nbsp;&nbsp;&nbsp;&nbsp;Glukozamin<\/td><td>471 mg<\/td><td>&#8211;<\/td><\/tr><tr><td>&nbsp;&nbsp;&nbsp;&nbsp;&nbsp;&nbsp;&nbsp;&nbsp;Lososova&nbsp;moka<\/td><td>600 mg<\/td><td><\/td><\/tr><tr><td>&nbsp;&nbsp;&nbsp;&nbsp;&nbsp;&nbsp;&nbsp;&nbsp;&nbsp;&nbsp;&nbsp;&nbsp;z&nbsp;vsebnostjo&nbsp;kalcija<\/td><td>120 mg<\/td><td>15<\/td><\/tr><tr><td>Magnezij<\/td><td>250 mg<\/td><td>67<\/td><\/tr><tr><td>Vitamin C<\/td><td>80 mg<\/td><td>100<\/td><\/tr><tr><td>Ingver&nbsp;v&nbsp;prahu<\/td><td>25 mg<\/td><td>&#8211;<\/td><\/tr><tr><td>Hidrolizat&nbsp;kolagena&nbsp;tipa&nbsp;II<\/td><td>10 mg<\/td><td>&#8211;<\/td><\/tr><tr><td>Mangan<\/td><td>2 mg<\/td><td>100<\/td><\/tr><tr><td>Vitamin D<\/td><td>5 \u03bcg<\/td><td>100<\/td><\/tr><\/tbody><\/table><\/figure>\n\n\n\n<p>*DRI \u2013&nbsp;referen\u010dni&nbsp;vnos&nbsp;hranil&nbsp;<\/p>\n\n\n\n<p><strong>Sestavine:&nbsp;<\/strong>glukozamin&nbsp;sulfat,&nbsp;ribja&nbsp;moka (losos),&nbsp;zgo\u0161\u010devalci&nbsp;(celuloza,&nbsp;magnezijeve&nbsp;soli&nbsp;ma\u0161\u010dobnih&nbsp;kislin),&nbsp;magnezijev&nbsp;oksid, inulin, L-askorbinska&nbsp;kislina,&nbsp;sredstva&nbsp;proti&nbsp;strjevanju&nbsp;(kalcijevi&nbsp;fosfati,&nbsp;silicijev&nbsp;dioksid),&nbsp;korenika&nbsp;ingverja&nbsp;(Zingiber&nbsp;officinalis),&nbsp;hidrolizat&nbsp;kolagena&nbsp;tipa&nbsp;II,&nbsp;arome,&nbsp;manganov&nbsp;sulfat,&nbsp;holekalciferol,&nbsp;hidroksipropil&nbsp;metilceluloza,&nbsp;barvila&nbsp;(bakrovi&nbsp;kompleksi&nbsp;klorofilov,&nbsp;klorofilini,&nbsp;titanijev&nbsp;dioksid).&nbsp;<\/p>\n\n\n\n<p><strong>FlexiMed \u2013 tri tablete na dan<\/strong>&nbsp;<\/p>\n\n\n\n<p><strong>Navodila za uporabo:<\/strong>&nbsp;sestavine prehranskega dopolnila FlexiMed pomagajo podpirati zdravje hrustanca in kosti, kar je pomembno za dolgoro\u010dno dobro po\u010dutje in ohranjanje aktivnega \u017eivljenjskega sloga.&nbsp;<\/p>\n\n\n\n<p><strong>Priporo\u010den dnevni odmerek:<\/strong>&nbsp;3 tablete na dan&nbsp;<\/p>\n\n\n\n<p><strong>Neto te\u017ea:<\/strong>&nbsp;486 g (540 tablet, vsaka 900 mg)&nbsp;<\/p>\n\n\n\n<p>Prehranska dopolnilna niso nadomestilo za uravnote\u017eeno in raznovrstno prehrano. Hranite zunaj dosega otrok. Ne presegajte priporo\u010denega dnevnega odmerka.\u00a0<\/p>\n\n\n\n<p><strong>Rok uporabnosti:<\/strong>&nbsp;do datuma, odtisnjenega na embala\u017ei.&nbsp;<\/p>\n\n\n\n<p><strong>Proizvodna serija:&nbsp;<\/strong>navedeno na embala\u017ei.&nbsp;<\/p>\n\n\n\n<p><strong>Hramba:<\/strong>&nbsp;pri najve\u010d 25 \u00b0C, za\u0161\u010ditite pred svetlobo in vlago.&nbsp;<\/p>\n\n\n\n<p><strong>Proizvedeno na Norve\u0161kem<\/strong>&nbsp;s strani Pharmatech AS za&nbsp;<br>Natural Pharmaceuticals Sp. z o.o.&nbsp;<\/p>\n\n\n\n<p><strong>Distributer:<\/strong>&nbsp;Natural Pharmaceuticals Sp. z o.o.&nbsp;<br>Domaniewska 28, 02-672 Var\u0161ava, Poljska<\/p>\n\n\n\n<p><\/p>\n\n<\/div><\/div>\n\t\t<\/div>\n\n\n<figure class=\"wp-block-image alignfull size-full\"><img loading=\"lazy\" decoding=\"async\" width=\"1520\" height=\"500\" src=\"https:\/\/naturalpharmaceuticals.eu\/wp-content\/uploads\/sites\/2\/2021\/03\/Natural_Pharmaceuticals_FlexiMed_IMG_8508_FM_a.jpg\" alt=\"\" class=\"wp-image-2681\" srcset=\"https:\/\/naturalpharmaceuticals.eu\/wp-content\/uploads\/sites\/2\/2021\/03\/Natural_Pharmaceuticals_FlexiMed_IMG_8508_FM_a.jpg 1520w, https:\/\/naturalpharmaceuticals.eu\/wp-content\/uploads\/sites\/2\/2021\/03\/Natural_Pharmaceuticals_FlexiMed_IMG_8508_FM_a-300x99.jpg 300w, https:\/\/naturalpharmaceuticals.eu\/wp-content\/uploads\/sites\/2\/2021\/03\/Natural_Pharmaceuticals_FlexiMed_IMG_8508_FM_a-1024x337.jpg 1024w, https:\/\/naturalpharmaceuticals.eu\/wp-content\/uploads\/sites\/2\/2021\/03\/Natural_Pharmaceuticals_FlexiMed_IMG_8508_FM_a-768x253.jpg 768w\" sizes=\"auto, (max-width: 1520px) 100vw, 1520px\" \/><\/figure>\n","protected":false},"excerpt":{"rendered":"<p>FlexiMed Edinstvene sestavine za zdrave sklepe. Inovativna patentirana proizvodna metoda (morski kalcij). Naju\u010dinkovitej\u0161i kalcij, pridobljen iz morskih virov. Visoka vsebnost glukozamina. Kolagen tipa II. Podpira pro\u017enost in zagotavlja hranila sklepnemu hrustancu.&nbsp; Vitamin C ima vlogo pri nastajanju kolagena za normalno&#x2026; <\/p>\n<p class=\"more-link-container th-uppercase\"><a href=\"https:\/\/naturalpharmaceuticals.eu\/sl\/nasi-izdelki\/fleximed\/\" class=\"more-link\">Read More <span class=\"screen-reader-text\">FlexiMed<\/span><\/a><\/p>\n","protected":false},"author":1,"featured_media":3744,"parent":3733,"menu_order":0,"comment_status":"closed","ping_status":"closed","template":"templates\/grid-full-width-page.php","meta":{"ub_ctt_via":"","footnotes":""},"class_list":["post-3800","page","type-page","status-publish","has-post-thumbnail","hentry"],"featured_image_src":"https:\/\/naturalpharmaceuticals.eu\/wp-content\/uploads\/sites\/2\/2020\/12\/PL_banner_760x300_v2_4_Natural_Pharmaceuticals_FlexiMed.jpg","yoast_head":"<!-- This site is optimized with the Yoast SEO plugin v24.4 - https:\/\/yoast.com\/wordpress\/plugins\/seo\/ -->\n<title>FlexiMed - Natural Pharmaceuticals<\/title>\n<meta name=\"robots\" content=\"index, follow, max-snippet:-1, max-image-preview:large, max-video-preview:-1\" \/>\n<link rel=\"canonical\" href=\"https:\/\/naturalpharmaceuticals.eu\/sl\/nasi-izdelki\/fleximed\/\" \/>\n<meta property=\"og:locale\" content=\"sl_SI\" \/>\n<meta property=\"og:type\" content=\"article\" \/>\n<meta property=\"og:title\" content=\"FlexiMed - Natural Pharmaceuticals\" \/>\n<meta property=\"og:description\" content=\"FlexiMed Edinstvene sestavine za zdrave sklepe. Inovativna patentirana proizvodna metoda (morski kalcij). Naju\u010dinkovitej\u0161i kalcij, pridobljen iz morskih virov. Visoka vsebnost glukozamina. Kolagen tipa II. Podpira pro\u017enost in zagotavlja hranila sklepnemu hrustancu.&nbsp; Vitamin C ima vlogo pri nastajanju kolagena za normalno&#x2026; Read More FlexiMed\" \/>\n<meta property=\"og:url\" content=\"https:\/\/naturalpharmaceuticals.eu\/sl\/nasi-izdelki\/fleximed\/\" \/>\n<meta property=\"og:site_name\" content=\"Natural Pharmaceuticals\" \/>\n<meta property=\"article:modified_time\" content=\"2021-12-27T11:59:57+00:00\" \/>\n<meta property=\"og:image\" content=\"https:\/\/naturalpharmaceuticals.eu\/wp-content\/uploads\/sites\/2\/2020\/12\/PL_banner_760x300_v2_4_Natural_Pharmaceuticals_FlexiMed.jpg\" \/>\n\t<meta property=\"og:image:width\" content=\"760\" \/>\n\t<meta property=\"og:image:height\" content=\"300\" \/>\n\t<meta property=\"og:image:type\" content=\"image\/jpeg\" \/>\n<meta name=\"twitter:card\" content=\"summary_large_image\" \/>\n<meta name=\"twitter:label1\" content=\"Est. reading time\" \/>\n\t<meta name=\"twitter:data1\" content=\"2 minuti\" \/>\n<script type=\"application\/ld+json\" class=\"yoast-schema-graph\">{\"@context\":\"https:\/\/schema.org\",\"@graph\":[{\"@type\":\"WebPage\",\"@id\":\"https:\/\/naturalpharmaceuticals.eu\/sl\/nasi-izdelki\/fleximed\/\",\"url\":\"https:\/\/naturalpharmaceuticals.eu\/sl\/nasi-izdelki\/fleximed\/\",\"name\":\"FlexiMed - Natural Pharmaceuticals\",\"isPartOf\":{\"@id\":\"https:\/\/naturalpharmaceuticals.eu\/sl\/#website\"},\"primaryImageOfPage\":{\"@id\":\"https:\/\/naturalpharmaceuticals.eu\/sl\/nasi-izdelki\/fleximed\/#primaryimage\"},\"image\":{\"@id\":\"https:\/\/naturalpharmaceuticals.eu\/sl\/nasi-izdelki\/fleximed\/#primaryimage\"},\"thumbnailUrl\":\"https:\/\/naturalpharmaceuticals.eu\/wp-content\/uploads\/sites\/2\/2020\/12\/PL_banner_760x300_v2_4_Natural_Pharmaceuticals_FlexiMed.jpg\",\"datePublished\":\"2021-05-10T13:11:01+00:00\",\"dateModified\":\"2021-12-27T11:59:57+00:00\",\"breadcrumb\":{\"@id\":\"https:\/\/naturalpharmaceuticals.eu\/sl\/nasi-izdelki\/fleximed\/#breadcrumb\"},\"inLanguage\":\"sl-SI\",\"potentialAction\":[{\"@type\":\"ReadAction\",\"target\":[\"https:\/\/naturalpharmaceuticals.eu\/sl\/nasi-izdelki\/fleximed\/\"]}]},{\"@type\":\"ImageObject\",\"inLanguage\":\"sl-SI\",\"@id\":\"https:\/\/naturalpharmaceuticals.eu\/sl\/nasi-izdelki\/fleximed\/#primaryimage\",\"url\":\"https:\/\/naturalpharmaceuticals.eu\/wp-content\/uploads\/sites\/2\/2020\/12\/PL_banner_760x300_v2_4_Natural_Pharmaceuticals_FlexiMed.jpg\",\"contentUrl\":\"https:\/\/naturalpharmaceuticals.eu\/wp-content\/uploads\/sites\/2\/2020\/12\/PL_banner_760x300_v2_4_Natural_Pharmaceuticals_FlexiMed.jpg\",\"width\":760,\"height\":300},{\"@type\":\"BreadcrumbList\",\"@id\":\"https:\/\/naturalpharmaceuticals.eu\/sl\/nasi-izdelki\/fleximed\/#breadcrumb\",\"itemListElement\":[{\"@type\":\"ListItem\",\"position\":1,\"name\":\"Home\",\"item\":\"https:\/\/naturalpharmaceuticals.eu\/sl\/\"},{\"@type\":\"ListItem\",\"position\":2,\"name\":\"Na\u0161i Izdelki\",\"item\":\"https:\/\/naturalpharmaceuticals.eu\/sl\/nasi-izdelki\/\"},{\"@type\":\"ListItem\",\"position\":3,\"name\":\"FlexiMed\"}]},{\"@type\":\"WebSite\",\"@id\":\"https:\/\/naturalpharmaceuticals.eu\/sl\/#website\",\"url\":\"https:\/\/naturalpharmaceuticals.eu\/sl\/\",\"name\":\"Natural Pharmaceuticals\",\"description\":\"\",\"publisher\":{\"@id\":\"https:\/\/naturalpharmaceuticals.eu\/sl\/#organization\"},\"potentialAction\":[{\"@type\":\"SearchAction\",\"target\":{\"@type\":\"EntryPoint\",\"urlTemplate\":\"https:\/\/naturalpharmaceuticals.eu\/sl\/?s={search_term_string}\"},\"query-input\":{\"@type\":\"PropertyValueSpecification\",\"valueRequired\":true,\"valueName\":\"search_term_string\"}}],\"inLanguage\":\"sl-SI\"},{\"@type\":\"Organization\",\"@id\":\"https:\/\/naturalpharmaceuticals.eu\/sl\/#organization\",\"name\":\"Natural Pharmaceuticals\",\"url\":\"https:\/\/naturalpharmaceuticals.eu\/sl\/\",\"logo\":{\"@type\":\"ImageObject\",\"inLanguage\":\"sl-SI\",\"@id\":\"https:\/\/naturalpharmaceuticals.eu\/sl\/#\/schema\/logo\/image\/\",\"url\":\"https:\/\/naturalpharmaceuticals.eu\/wp-content\/uploads\/sites\/2\/2020\/11\/cropped-natural-pharmaceuticals-logo.png\",\"contentUrl\":\"https:\/\/naturalpharmaceuticals.eu\/wp-content\/uploads\/sites\/2\/2020\/11\/cropped-natural-pharmaceuticals-logo.png\",\"width\":900,\"height\":323,\"caption\":\"Natural Pharmaceuticals\"},\"image\":{\"@id\":\"https:\/\/naturalpharmaceuticals.eu\/sl\/#\/schema\/logo\/image\/\"}}]}<\/script>\n<!-- \/ Yoast SEO plugin. -->","yoast_head_json":{"title":"FlexiMed - Natural Pharmaceuticals","robots":{"index":"index","follow":"follow","max-snippet":"max-snippet:-1","max-image-preview":"max-image-preview:large","max-video-preview":"max-video-preview:-1"},"canonical":"https:\/\/naturalpharmaceuticals.eu\/sl\/nasi-izdelki\/fleximed\/","og_locale":"sl_SI","og_type":"article","og_title":"FlexiMed - Natural Pharmaceuticals","og_description":"FlexiMed Edinstvene sestavine za zdrave sklepe. Inovativna patentirana proizvodna metoda (morski kalcij). Naju\u010dinkovitej\u0161i kalcij, pridobljen iz morskih virov. Visoka vsebnost glukozamina. Kolagen tipa II. Podpira pro\u017enost in zagotavlja hranila sklepnemu hrustancu.&nbsp; Vitamin C ima vlogo pri nastajanju kolagena za normalno&#x2026; Read More FlexiMed","og_url":"https:\/\/naturalpharmaceuticals.eu\/sl\/nasi-izdelki\/fleximed\/","og_site_name":"Natural Pharmaceuticals","article_modified_time":"2021-12-27T11:59:57+00:00","og_image":[{"width":760,"height":300,"url":"https:\/\/naturalpharmaceuticals.eu\/wp-content\/uploads\/sites\/2\/2020\/12\/PL_banner_760x300_v2_4_Natural_Pharmaceuticals_FlexiMed.jpg","type":"image\/jpeg"}],"twitter_card":"summary_large_image","twitter_misc":{"Est. reading time":"2 minuti"},"schema":{"@context":"https:\/\/schema.org","@graph":[{"@type":"WebPage","@id":"https:\/\/naturalpharmaceuticals.eu\/sl\/nasi-izdelki\/fleximed\/","url":"https:\/\/naturalpharmaceuticals.eu\/sl\/nasi-izdelki\/fleximed\/","name":"FlexiMed - Natural Pharmaceuticals","isPartOf":{"@id":"https:\/\/naturalpharmaceuticals.eu\/sl\/#website"},"primaryImageOfPage":{"@id":"https:\/\/naturalpharmaceuticals.eu\/sl\/nasi-izdelki\/fleximed\/#primaryimage"},"image":{"@id":"https:\/\/naturalpharmaceuticals.eu\/sl\/nasi-izdelki\/fleximed\/#primaryimage"},"thumbnailUrl":"https:\/\/naturalpharmaceuticals.eu\/wp-content\/uploads\/sites\/2\/2020\/12\/PL_banner_760x300_v2_4_Natural_Pharmaceuticals_FlexiMed.jpg","datePublished":"2021-05-10T13:11:01+00:00","dateModified":"2021-12-27T11:59:57+00:00","breadcrumb":{"@id":"https:\/\/naturalpharmaceuticals.eu\/sl\/nasi-izdelki\/fleximed\/#breadcrumb"},"inLanguage":"sl-SI","potentialAction":[{"@type":"ReadAction","target":["https:\/\/naturalpharmaceuticals.eu\/sl\/nasi-izdelki\/fleximed\/"]}]},{"@type":"ImageObject","inLanguage":"sl-SI","@id":"https:\/\/naturalpharmaceuticals.eu\/sl\/nasi-izdelki\/fleximed\/#primaryimage","url":"https:\/\/naturalpharmaceuticals.eu\/wp-content\/uploads\/sites\/2\/2020\/12\/PL_banner_760x300_v2_4_Natural_Pharmaceuticals_FlexiMed.jpg","contentUrl":"https:\/\/naturalpharmaceuticals.eu\/wp-content\/uploads\/sites\/2\/2020\/12\/PL_banner_760x300_v2_4_Natural_Pharmaceuticals_FlexiMed.jpg","width":760,"height":300},{"@type":"BreadcrumbList","@id":"https:\/\/naturalpharmaceuticals.eu\/sl\/nasi-izdelki\/fleximed\/#breadcrumb","itemListElement":[{"@type":"ListItem","position":1,"name":"Home","item":"https:\/\/naturalpharmaceuticals.eu\/sl\/"},{"@type":"ListItem","position":2,"name":"Na\u0161i Izdelki","item":"https:\/\/naturalpharmaceuticals.eu\/sl\/nasi-izdelki\/"},{"@type":"ListItem","position":3,"name":"FlexiMed"}]},{"@type":"WebSite","@id":"https:\/\/naturalpharmaceuticals.eu\/sl\/#website","url":"https:\/\/naturalpharmaceuticals.eu\/sl\/","name":"Natural Pharmaceuticals","description":"","publisher":{"@id":"https:\/\/naturalpharmaceuticals.eu\/sl\/#organization"},"potentialAction":[{"@type":"SearchAction","target":{"@type":"EntryPoint","urlTemplate":"https:\/\/naturalpharmaceuticals.eu\/sl\/?s={search_term_string}"},"query-input":{"@type":"PropertyValueSpecification","valueRequired":true,"valueName":"search_term_string"}}],"inLanguage":"sl-SI"},{"@type":"Organization","@id":"https:\/\/naturalpharmaceuticals.eu\/sl\/#organization","name":"Natural Pharmaceuticals","url":"https:\/\/naturalpharmaceuticals.eu\/sl\/","logo":{"@type":"ImageObject","inLanguage":"sl-SI","@id":"https:\/\/naturalpharmaceuticals.eu\/sl\/#\/schema\/logo\/image\/","url":"https:\/\/naturalpharmaceuticals.eu\/wp-content\/uploads\/sites\/2\/2020\/11\/cropped-natural-pharmaceuticals-logo.png","contentUrl":"https:\/\/naturalpharmaceuticals.eu\/wp-content\/uploads\/sites\/2\/2020\/11\/cropped-natural-pharmaceuticals-logo.png","width":900,"height":323,"caption":"Natural Pharmaceuticals"},"image":{"@id":"https:\/\/naturalpharmaceuticals.eu\/sl\/#\/schema\/logo\/image\/"}}]}},"jetpack_sharing_enabled":true,"_links":{"self":[{"href":"https:\/\/naturalpharmaceuticals.eu\/sl\/wp-json\/wp\/v2\/pages\/3800","targetHints":{"allow":["GET"]}}],"collection":[{"href":"https:\/\/naturalpharmaceuticals.eu\/sl\/wp-json\/wp\/v2\/pages"}],"about":[{"href":"https:\/\/naturalpharmaceuticals.eu\/sl\/wp-json\/wp\/v2\/types\/page"}],"author":[{"embeddable":true,"href":"https:\/\/naturalpharmaceuticals.eu\/sl\/wp-json\/wp\/v2\/users\/1"}],"replies":[{"embeddable":true,"href":"https:\/\/naturalpharmaceuticals.eu\/sl\/wp-json\/wp\/v2\/comments?post=3800"}],"version-history":[{"count":6,"href":"https:\/\/naturalpharmaceuticals.eu\/sl\/wp-json\/wp\/v2\/pages\/3800\/revisions"}],"predecessor-version":[{"id":8558,"href":"https:\/\/naturalpharmaceuticals.eu\/sl\/wp-json\/wp\/v2\/pages\/3800\/revisions\/8558"}],"up":[{"embeddable":true,"href":"https:\/\/naturalpharmaceuticals.eu\/sl\/wp-json\/wp\/v2\/pages\/3733"}],"wp:featuredmedia":[{"embeddable":true,"href":"https:\/\/naturalpharmaceuticals.eu\/sl\/wp-json\/wp\/v2\/media\/3744"}],"wp:attachment":[{"href":"https:\/\/naturalpharmaceuticals.eu\/sl\/wp-json\/wp\/v2\/media?parent=3800"}],"curies":[{"name":"wp","href":"https:\/\/api.w.org\/{rel}","templated":true}]}}