{"id":3816,"date":"2021-05-10T13:59:00","date_gmt":"2021-05-10T13:59:00","guid":{"rendered":"https:\/\/naturalpharmaceuticals.eu\/?page_id=3816"},"modified":"2024-02-02T13:51:41","modified_gmt":"2024-02-02T13:51:41","slug":"omegamarine-junior","status":"publish","type":"page","link":"https:\/\/naturalpharmaceuticals.eu\/sl\/nasi-izdelki\/omegamarine-junior\/","title":{"rendered":"OmegaMarine Junior+"},"content":{"rendered":"\n<div class=\"wp-block-group\"><div class=\"wp-block-group__inner-container is-layout-flow wp-block-group-is-layout-flow\">\n<div class=\"wp-block-columns is-layout-flex wp-container-core-columns-is-layout-1 wp-block-columns-is-layout-flex\">\n<div class=\"wp-block-column is-layout-flow wp-block-column-is-layout-flow\">\n<figure class=\"wp-block-image size-large sticky\"><img loading=\"lazy\" decoding=\"async\" width=\"768\" height=\"768\" src=\"https:\/\/naturalpharmaceuticals.eu\/wp-content\/uploads\/sites\/2\/2020\/12\/OMJ_www_768x768.png\" alt=\"\" class=\"wp-image-1056\" srcset=\"https:\/\/naturalpharmaceuticals.eu\/wp-content\/uploads\/sites\/2\/2020\/12\/OMJ_www_768x768.png 768w, https:\/\/naturalpharmaceuticals.eu\/wp-content\/uploads\/sites\/2\/2020\/12\/OMJ_www_768x768-300x300.png 300w, https:\/\/naturalpharmaceuticals.eu\/wp-content\/uploads\/sites\/2\/2020\/12\/OMJ_www_768x768-150x150.png 150w, https:\/\/naturalpharmaceuticals.eu\/wp-content\/uploads\/sites\/2\/2020\/12\/OMJ_www_768x768-200x200.png 200w\" sizes=\"auto, (max-width: 768px) 100vw, 768px\" \/><\/figure>\n<\/div>\n\n\n\n<div class=\"wp-block-column product-info-frame is-layout-flow wp-block-column-is-layout-flow\">\n<p style=\"font-size:18px\"><strong>OmegaMarine Junior+<\/strong><\/p>\n\n\n\n<ul class=\"wp-block-list\">\n<li>Dokumentiran u\u010dinek na razvoj in delovanje mo\u017eganov.<\/li>\n\n\n\n<li>Visoka vsebnost DHK.<\/li>\n\n\n\n<li>Obogateno z vitamini D, A in E za imunski sistem.<\/li>\n\n\n\n<li>Otrokom prijazne \u017eve\u010dilne kapsule v obliki rib.<\/li>\n\n\n\n<li>Sadni okus.<\/li>\n\n\n\n<li>Bolj okusen kot&nbsp;olje polenovke&nbsp;(tran), otroci vas bodo vsako jutro prosili sami za kapsulo.&nbsp;<\/li>\n\n\n\n<li>Naravno sladilo (stevia).<\/li>\n\n\n\n<li>Priporo\u010deno za otroke, starej\u0161e od treh let.<\/li>\n<\/ul>\n\n\n\n<p><\/p>\n<\/div>\n<\/div>\n<\/div><\/div>\n\n\n\n<div class=\"packshot-bg-wrapper\"><div class=\"full-width-inside-container packshot-bg packshot-bg-omj\"><\/div><\/div>\n\n\n\n<p>Vloga klju\u010dnih sestavin prehranskega dopolnila OmegaMarine Junior+ v \u010dlove\u0161kem telesu je v skladu s trditvami o vplivu na zdravje, ki jih je odobrila Evropska agencija za varnost hrane (EFSA):<\/p>\n\n\n\n<p>DHK ima vlogo pri ohranjanju vida<sup>1<\/sup>&nbsp;in pri delovanju mo\u017eganov.<sup>1<\/sup>&nbsp;DHK in EPK imata vlogo pri delovanju srca.<sup>2<\/sup>&nbsp;<\/p>\n\n\n\n<p>Vitamin D prispeva k delovanju imunskega sistema.&nbsp;&nbsp;&nbsp;<br>Vitamin D prispeva k ohranjanju zdravih kosti in zob.&nbsp;<\/p>\n\n\n\n<p><sup>1&nbsp;<\/sup>Koristen u\u010dinek se dose\u017ee z dnevnim vnosom 250 mg kisline DHK.&nbsp;<br><sup>2&nbsp;<\/sup>Koristen u\u010dinek se dose\u017ee z dnevnim vnosom 250 mg kislin DHK in EPK.&nbsp;<\/p>\n\n\n<div role=\"tabpanel\" class=\"wp-block-ub-tabbed-content-tab-content-wrap ub-hide\"\n        id=\"ub-tabbed-content--panel-0\" aria-labelledby=\"ub-tabbed-content--tab-0\" tabindex=\"0\">\n\n<p><a href=\"https:\/\/nordicmed.natural.pl\/?page_id=326\">Preview in new tab(opens in a new tab)<\/a><\/p>\n\n\n\n<p>reviews<\/p>\n\n<\/div>\n\n<div role=\"tabpanel\" class=\"wp-block-ub-tabbed-content-tab-content-wrap ub-hide\"\n        id=\"ub-tabbed-content--panel-1\" aria-labelledby=\"ub-tabbed-content--tab-1\" tabindex=\"0\">\n\n<p><\/p>\n\n<\/div>\n\n<div role=\"tabpanel\" class=\"wp-block-ub-tabbed-content-tab-content-wrap ub-hide\"\n        id=\"ub-tabbed-content--panel-2\" aria-labelledby=\"ub-tabbed-content--tab-2\" tabindex=\"0\">\n\n<p><\/p>\n\n<\/div>\n\n<div class=\"wp-block-ub-tabbed-content-block wp-block-ub-tabbed-content wp-block-ub-tabbed-content-holder wp-block-ub-tabbed-content-horizontal-holder-mobile wp-block-ub-tabbed-content-horizontal-holder-tablet\" id=\"ub-tabbed-content-d4099abf-fed1-41aa-8c3b-bda2de612f96\">\n\t\t\t<div class=\"wp-block-ub-tabbed-content-tab-holder horizontal-tab-width-mobile horizontal-tab-width-tablet\">\n\t\t\t\t<div role=\"tablist\" class=\"wp-block-ub-tabbed-content-tabs-title wp-block-ub-tabbed-content-tabs-title-mobile-horizontal-tab wp-block-ub-tabbed-content-tabs-title-tablet-horizontal-tab\"><div role=\"tab\" id=\"ub-tabbed-content-d4099abf-fed1-41aa-8c3b-bda2de612f96-tab-0\" aria-controls=\"ub-tabbed-content-d4099abf-fed1-41aa-8c3b-bda2de612f96-panel-0\" aria-selected=\"true\" class=\"wp-block-ub-tabbed-content-tab-title-wrap active\" style=\"\" tabindex=\"-1\">\n\t\t\t\t<div class=\"wp-block-ub-tabbed-content-tab-title\">Hranilne vrednosti<\/div>\n\t\t\t<\/div><\/div>\n\t\t\t<\/div>\n\t\t\t<div class=\"wp-block-ub-tabbed-content-tabs-content\" style=\"\"><div role=\"tabpanel\" class=\"wp-block-ub-tabbed-content-tab-content-wrap active\"\n        id=\"ub-tabbed-content-d4099abf-fed1-41aa-8c3b-bda2de612f96-panel-0\" aria-labelledby=\"ub-tabbed-content-d4099abf-fed1-41aa-8c3b-bda2de612f96-tab-0\" tabindex=\"0\">\n\n<p>OmegaMarine Junior+<\/p>\n\n\n\n<figure class=\"wp-block-table is-style-borders\"><table><tbody><tr><th><strong>Sestava<\/strong><\/th><th>2 kapsuli<\/th><th>% PDV *<\/th><\/tr><tr><td>Ribje olje tune, od katerih:<\/td><td>1 000 mg<\/td><td>&#8211;<\/td><\/tr><tr><td>&nbsp;&nbsp;&nbsp;&nbsp;Omega-3-ma\u0161\u010dobne kisline:<\/td><td>363 mg<\/td><td>&#8211;<\/td><\/tr><tr><td>&nbsp;&nbsp;&nbsp;&nbsp;&nbsp;&nbsp;&nbsp;&nbsp;DHK (dokozaheksaenojska kislina)<\/td><td>281 mg<\/td><td>&#8211;<\/td><\/tr><tr><td>&nbsp;&nbsp;&nbsp;&nbsp;&nbsp;&nbsp;&nbsp;&nbsp;EPK (eikozapentaenojska kislina)<\/td><td>72 mg<\/td><td>&#8211;<\/td><\/tr><tr><td>Vitamin E<\/td><td>12 mg<\/td><td>100<\/td><\/tr><tr><td>Vitamin A<\/td><td>120 \u03bcg<\/td><td>15<\/td><\/tr><tr><td>Vitamin D<\/td><td>5 \u03bcg<\/td><td>100<\/td><\/tr><\/tbody><\/table><\/figure>\n\n\n\n<p>* PDV \u2013 priporo\u010den dnevni vnos&nbsp;<\/p>\n\n\n\n<p><strong>Sestavine<\/strong>: ribje olje tune, stabilizator (glicerol), svinjska \u017eelatina,&nbsp;modificiran krompirjev \u0161krob, aroma, vitamin E (DI-alfa-tokoferol&nbsp;acetat), vitamin A (retinil palmitat), sladilo (steviol glikozid),&nbsp;antioksidant (me\u0161ani tokoferoli), vitamin D3 (holekalciferol).&nbsp;<\/p>\n\n\n\n<p><strong>OmegaMarine Junior+, dve kapsuli na dan<\/strong>&nbsp;<\/p>\n\n\n\n<p><strong>Navodila za uporabo:<\/strong>&nbsp;namen tega izdelka je dopolniti vsakodnevno prehrano otrok z esencialnimi omega-3-ma\u0161\u010dobnimi kislinami in vitaminom D<sub>3<\/sub>.&nbsp;<\/p>\n\n\n\n<p><strong>Priporo\u010den dnevni odmerek:<\/strong>&nbsp;2 kapsuli na dan&nbsp;<\/p>\n\n\n\n<p><strong>Neto te\u017ea:<\/strong>&nbsp;320 g (360 kapsul v embala\u017ei, vsaka 0,89 g)&nbsp;<\/p>\n\n\n\n<p>Prehranska dopolnilna niso nadomestilo za uravnote\u017eeno in raznovrstno prehrano. Hranite zunaj dosega otrok. Ne presegajte priporo\u010denega dnevnega odmerka.&nbsp;<\/p>\n\n\n\n<p><strong>Rok uporabnosti:<\/strong>&nbsp;do datuma, odtisnjenega na embala\u017ei.&nbsp;<\/p>\n\n\n\n<p><strong>Proizvodna serija:&nbsp;<\/strong>navedeno na embala\u017ei.&nbsp;<\/p>\n\n\n\n<p><strong>Hramba:<\/strong>&nbsp;pri najve\u010d 25 \u00b0C, za\u0161\u010ditite pred svetlobo in vlago.&nbsp;<\/p>\n\n\n\n<p><strong>Proizvedeno na Norve\u0161kem<\/strong>&nbsp;s strani Pharmatech AS za&nbsp;<br>Natural Pharmaceuticals Sp. z o.o.&nbsp;<\/p>\n\n\n\n<p><strong>Distributer:<\/strong>&nbsp;Natural Pharmaceuticals Sp. z o.o.&nbsp;<br>Domaniewska 28, 02-672 Var\u0161ava, Poljska&nbsp;<\/p>\n\n<\/div><\/div>\n\t\t<\/div>\n\n\n<div class=\"wp-block-group alignwide\"><div class=\"wp-block-group__inner-container is-layout-flow wp-block-group-is-layout-flow\"><\/div><\/div>\n\n\n\n<figure class=\"wp-block-image alignfull size-full\"><img loading=\"lazy\" decoding=\"async\" width=\"1520\" height=\"500\" src=\"https:\/\/naturalpharmaceuticals.eu\/wp-content\/uploads\/sites\/2\/2021\/03\/Natural_Pharmaceuticals_OmegaMarine_Junior_IMG_8734_OMJ_a.jpg\" alt=\"\" class=\"wp-image-3237\" srcset=\"https:\/\/naturalpharmaceuticals.eu\/wp-content\/uploads\/sites\/2\/2021\/03\/Natural_Pharmaceuticals_OmegaMarine_Junior_IMG_8734_OMJ_a.jpg 1520w, https:\/\/naturalpharmaceuticals.eu\/wp-content\/uploads\/sites\/2\/2021\/03\/Natural_Pharmaceuticals_OmegaMarine_Junior_IMG_8734_OMJ_a-300x99.jpg 300w, https:\/\/naturalpharmaceuticals.eu\/wp-content\/uploads\/sites\/2\/2021\/03\/Natural_Pharmaceuticals_OmegaMarine_Junior_IMG_8734_OMJ_a-1024x337.jpg 1024w, https:\/\/naturalpharmaceuticals.eu\/wp-content\/uploads\/sites\/2\/2021\/03\/Natural_Pharmaceuticals_OmegaMarine_Junior_IMG_8734_OMJ_a-768x253.jpg 768w\" sizes=\"auto, (max-width: 1520px) 100vw, 1520px\" \/><\/figure>\n\n\n\n<div class=\"wp-block-columns is-layout-flex wp-container-core-columns-is-layout-2 wp-block-columns-is-layout-flex\">\n<div class=\"wp-block-column is-vertically-aligned-center is-layout-flow wp-block-column-is-layout-flow\"><div class=\"wp-block-image\">\n<figure class=\"aligncenter size-full\"><img loading=\"lazy\" decoding=\"async\" width=\"220\" height=\"220\" src=\"https:\/\/naturalpharmaceuticals.eu\/wp-content\/uploads\/sites\/2\/2020\/09\/goed.png\" alt=\"\" class=\"wp-image-350\" srcset=\"https:\/\/naturalpharmaceuticals.eu\/wp-content\/uploads\/sites\/2\/2020\/09\/goed.png 220w, https:\/\/naturalpharmaceuticals.eu\/wp-content\/uploads\/sites\/2\/2020\/09\/goed-150x150.png 150w, https:\/\/naturalpharmaceuticals.eu\/wp-content\/uploads\/sites\/2\/2020\/09\/goed-200x200.png 200w\" sizes=\"auto, (max-width: 220px) 100vw, 220px\" \/><\/figure><\/div>\n\n\n<p><\/p>\n<\/div>\n\n\n\n<div class=\"wp-block-column is-vertically-aligned-center is-layout-flow wp-block-column-is-layout-flow\"><div class=\"wp-block-image\">\n<figure class=\"aligncenter size-full is-resized\"><img loading=\"lazy\" decoding=\"async\" src=\"https:\/\/naturalpharmaceuticals.eu\/wp-content\/uploads\/sites\/2\/2020\/12\/DMR-S-2020-LOGO.png\" alt=\"\" class=\"wp-image-968\" width=\"220\" height=\"220\" srcset=\"https:\/\/naturalpharmaceuticals.eu\/wp-content\/uploads\/sites\/2\/2020\/12\/DMR-S-2020-LOGO.png 977w, https:\/\/naturalpharmaceuticals.eu\/wp-content\/uploads\/sites\/2\/2020\/12\/DMR-S-2020-LOGO-300x300.png 300w, https:\/\/naturalpharmaceuticals.eu\/wp-content\/uploads\/sites\/2\/2020\/12\/DMR-S-2020-LOGO-150x150.png 150w, https:\/\/naturalpharmaceuticals.eu\/wp-content\/uploads\/sites\/2\/2020\/12\/DMR-S-2020-LOGO-768x767.png 768w, https:\/\/naturalpharmaceuticals.eu\/wp-content\/uploads\/sites\/2\/2020\/12\/DMR-S-2020-LOGO-200x200.png 200w\" sizes=\"auto, (max-width: 220px) 100vw, 220px\" \/><\/figure><\/div><\/div>\n<\/div>\n","protected":false},"excerpt":{"rendered":"<p>OmegaMarine Junior+ Vloga klju\u010dnih sestavin prehranskega dopolnila OmegaMarine Junior+ v \u010dlove\u0161kem telesu je v skladu s trditvami o vplivu na zdravje, ki jih je odobrila Evropska agencija za varnost hrane (EFSA): DHK ima vlogo pri ohranjanju vida1&nbsp;in pri delovanju mo\u017eganov.1&nbsp;DHK&#x2026; <\/p>\n<p class=\"more-link-container th-uppercase\"><a href=\"https:\/\/naturalpharmaceuticals.eu\/sl\/nasi-izdelki\/omegamarine-junior\/\" class=\"more-link\">Read More <span class=\"screen-reader-text\">OmegaMarine Junior+<\/span><\/a><\/p>\n","protected":false},"author":1,"featured_media":3743,"parent":3733,"menu_order":0,"comment_status":"closed","ping_status":"closed","template":"templates\/grid-full-width-page.php","meta":{"ub_ctt_via":"","footnotes":""},"class_list":["post-3816","page","type-page","status-publish","has-post-thumbnail","hentry"],"featured_image_src":"https:\/\/naturalpharmaceuticals.eu\/wp-content\/uploads\/sites\/2\/2020\/12\/PL_banner_760x300_v3_3_Natural_Pharmaceuticals_OmegaMarine_Junior.jpg","yoast_head":"<!-- This site is optimized with the Yoast SEO plugin v24.4 - https:\/\/yoast.com\/wordpress\/plugins\/seo\/ -->\n<title>OmegaMarine Junior+ - Natural Pharmaceuticals<\/title>\n<meta name=\"robots\" content=\"index, follow, max-snippet:-1, max-image-preview:large, max-video-preview:-1\" \/>\n<link rel=\"canonical\" href=\"https:\/\/naturalpharmaceuticals.eu\/sl\/nasi-izdelki\/omegamarine-junior\/\" \/>\n<meta property=\"og:locale\" content=\"sl_SI\" \/>\n<meta property=\"og:type\" content=\"article\" \/>\n<meta property=\"og:title\" content=\"OmegaMarine Junior+ - Natural Pharmaceuticals\" \/>\n<meta property=\"og:description\" content=\"OmegaMarine Junior+ Vloga klju\u010dnih sestavin prehranskega dopolnila OmegaMarine Junior+ v \u010dlove\u0161kem telesu je v skladu s trditvami o vplivu na zdravje, ki jih je odobrila Evropska agencija za varnost hrane (EFSA): DHK ima vlogo pri ohranjanju vida1&nbsp;in pri delovanju mo\u017eganov.1&nbsp;DHK&#x2026; Read More OmegaMarine Junior+\" \/>\n<meta property=\"og:url\" content=\"https:\/\/naturalpharmaceuticals.eu\/sl\/nasi-izdelki\/omegamarine-junior\/\" \/>\n<meta property=\"og:site_name\" content=\"Natural Pharmaceuticals\" \/>\n<meta property=\"article:modified_time\" content=\"2024-02-02T13:51:41+00:00\" \/>\n<meta property=\"og:image\" content=\"https:\/\/naturalpharmaceuticals.eu\/wp-content\/uploads\/sites\/2\/2020\/12\/PL_banner_760x300_v3_3_Natural_Pharmaceuticals_OmegaMarine_Junior.jpg\" \/>\n\t<meta property=\"og:image:width\" content=\"760\" \/>\n\t<meta property=\"og:image:height\" content=\"300\" \/>\n\t<meta property=\"og:image:type\" content=\"image\/jpeg\" \/>\n<meta name=\"twitter:card\" content=\"summary_large_image\" \/>\n<meta name=\"twitter:label1\" content=\"Est. reading time\" \/>\n\t<meta name=\"twitter:data1\" content=\"3 minute\" \/>\n<script type=\"application\/ld+json\" class=\"yoast-schema-graph\">{\"@context\":\"https:\/\/schema.org\",\"@graph\":[{\"@type\":\"WebPage\",\"@id\":\"https:\/\/naturalpharmaceuticals.eu\/sl\/nasi-izdelki\/omegamarine-junior\/\",\"url\":\"https:\/\/naturalpharmaceuticals.eu\/sl\/nasi-izdelki\/omegamarine-junior\/\",\"name\":\"OmegaMarine Junior+ - Natural Pharmaceuticals\",\"isPartOf\":{\"@id\":\"https:\/\/naturalpharmaceuticals.eu\/sl\/#website\"},\"primaryImageOfPage\":{\"@id\":\"https:\/\/naturalpharmaceuticals.eu\/sl\/nasi-izdelki\/omegamarine-junior\/#primaryimage\"},\"image\":{\"@id\":\"https:\/\/naturalpharmaceuticals.eu\/sl\/nasi-izdelki\/omegamarine-junior\/#primaryimage\"},\"thumbnailUrl\":\"https:\/\/naturalpharmaceuticals.eu\/wp-content\/uploads\/sites\/2\/2020\/12\/PL_banner_760x300_v3_3_Natural_Pharmaceuticals_OmegaMarine_Junior.jpg\",\"datePublished\":\"2021-05-10T13:59:00+00:00\",\"dateModified\":\"2024-02-02T13:51:41+00:00\",\"breadcrumb\":{\"@id\":\"https:\/\/naturalpharmaceuticals.eu\/sl\/nasi-izdelki\/omegamarine-junior\/#breadcrumb\"},\"inLanguage\":\"sl-SI\",\"potentialAction\":[{\"@type\":\"ReadAction\",\"target\":[\"https:\/\/naturalpharmaceuticals.eu\/sl\/nasi-izdelki\/omegamarine-junior\/\"]}]},{\"@type\":\"ImageObject\",\"inLanguage\":\"sl-SI\",\"@id\":\"https:\/\/naturalpharmaceuticals.eu\/sl\/nasi-izdelki\/omegamarine-junior\/#primaryimage\",\"url\":\"https:\/\/naturalpharmaceuticals.eu\/wp-content\/uploads\/sites\/2\/2020\/12\/PL_banner_760x300_v3_3_Natural_Pharmaceuticals_OmegaMarine_Junior.jpg\",\"contentUrl\":\"https:\/\/naturalpharmaceuticals.eu\/wp-content\/uploads\/sites\/2\/2020\/12\/PL_banner_760x300_v3_3_Natural_Pharmaceuticals_OmegaMarine_Junior.jpg\",\"width\":760,\"height\":300},{\"@type\":\"BreadcrumbList\",\"@id\":\"https:\/\/naturalpharmaceuticals.eu\/sl\/nasi-izdelki\/omegamarine-junior\/#breadcrumb\",\"itemListElement\":[{\"@type\":\"ListItem\",\"position\":1,\"name\":\"Home\",\"item\":\"https:\/\/naturalpharmaceuticals.eu\/sl\/\"},{\"@type\":\"ListItem\",\"position\":2,\"name\":\"Na\u0161i Izdelki\",\"item\":\"https:\/\/naturalpharmaceuticals.eu\/sl\/nasi-izdelki\/\"},{\"@type\":\"ListItem\",\"position\":3,\"name\":\"OmegaMarine Junior+\"}]},{\"@type\":\"WebSite\",\"@id\":\"https:\/\/naturalpharmaceuticals.eu\/sl\/#website\",\"url\":\"https:\/\/naturalpharmaceuticals.eu\/sl\/\",\"name\":\"Natural Pharmaceuticals\",\"description\":\"\",\"publisher\":{\"@id\":\"https:\/\/naturalpharmaceuticals.eu\/sl\/#organization\"},\"potentialAction\":[{\"@type\":\"SearchAction\",\"target\":{\"@type\":\"EntryPoint\",\"urlTemplate\":\"https:\/\/naturalpharmaceuticals.eu\/sl\/?s={search_term_string}\"},\"query-input\":{\"@type\":\"PropertyValueSpecification\",\"valueRequired\":true,\"valueName\":\"search_term_string\"}}],\"inLanguage\":\"sl-SI\"},{\"@type\":\"Organization\",\"@id\":\"https:\/\/naturalpharmaceuticals.eu\/sl\/#organization\",\"name\":\"Natural Pharmaceuticals\",\"url\":\"https:\/\/naturalpharmaceuticals.eu\/sl\/\",\"logo\":{\"@type\":\"ImageObject\",\"inLanguage\":\"sl-SI\",\"@id\":\"https:\/\/naturalpharmaceuticals.eu\/sl\/#\/schema\/logo\/image\/\",\"url\":\"https:\/\/naturalpharmaceuticals.eu\/wp-content\/uploads\/sites\/2\/2020\/11\/cropped-natural-pharmaceuticals-logo.png\",\"contentUrl\":\"https:\/\/naturalpharmaceuticals.eu\/wp-content\/uploads\/sites\/2\/2020\/11\/cropped-natural-pharmaceuticals-logo.png\",\"width\":900,\"height\":323,\"caption\":\"Natural Pharmaceuticals\"},\"image\":{\"@id\":\"https:\/\/naturalpharmaceuticals.eu\/sl\/#\/schema\/logo\/image\/\"}}]}<\/script>\n<!-- \/ Yoast SEO plugin. -->","yoast_head_json":{"title":"OmegaMarine Junior+ - Natural Pharmaceuticals","robots":{"index":"index","follow":"follow","max-snippet":"max-snippet:-1","max-image-preview":"max-image-preview:large","max-video-preview":"max-video-preview:-1"},"canonical":"https:\/\/naturalpharmaceuticals.eu\/sl\/nasi-izdelki\/omegamarine-junior\/","og_locale":"sl_SI","og_type":"article","og_title":"OmegaMarine Junior+ - Natural Pharmaceuticals","og_description":"OmegaMarine Junior+ Vloga klju\u010dnih sestavin prehranskega dopolnila OmegaMarine Junior+ v \u010dlove\u0161kem telesu je v skladu s trditvami o vplivu na zdravje, ki jih je odobrila Evropska agencija za varnost hrane (EFSA): DHK ima vlogo pri ohranjanju vida1&nbsp;in pri delovanju mo\u017eganov.1&nbsp;DHK&#x2026; Read More OmegaMarine Junior+","og_url":"https:\/\/naturalpharmaceuticals.eu\/sl\/nasi-izdelki\/omegamarine-junior\/","og_site_name":"Natural Pharmaceuticals","article_modified_time":"2024-02-02T13:51:41+00:00","og_image":[{"width":760,"height":300,"url":"https:\/\/naturalpharmaceuticals.eu\/wp-content\/uploads\/sites\/2\/2020\/12\/PL_banner_760x300_v3_3_Natural_Pharmaceuticals_OmegaMarine_Junior.jpg","type":"image\/jpeg"}],"twitter_card":"summary_large_image","twitter_misc":{"Est. reading time":"3 minute"},"schema":{"@context":"https:\/\/schema.org","@graph":[{"@type":"WebPage","@id":"https:\/\/naturalpharmaceuticals.eu\/sl\/nasi-izdelki\/omegamarine-junior\/","url":"https:\/\/naturalpharmaceuticals.eu\/sl\/nasi-izdelki\/omegamarine-junior\/","name":"OmegaMarine Junior+ - Natural Pharmaceuticals","isPartOf":{"@id":"https:\/\/naturalpharmaceuticals.eu\/sl\/#website"},"primaryImageOfPage":{"@id":"https:\/\/naturalpharmaceuticals.eu\/sl\/nasi-izdelki\/omegamarine-junior\/#primaryimage"},"image":{"@id":"https:\/\/naturalpharmaceuticals.eu\/sl\/nasi-izdelki\/omegamarine-junior\/#primaryimage"},"thumbnailUrl":"https:\/\/naturalpharmaceuticals.eu\/wp-content\/uploads\/sites\/2\/2020\/12\/PL_banner_760x300_v3_3_Natural_Pharmaceuticals_OmegaMarine_Junior.jpg","datePublished":"2021-05-10T13:59:00+00:00","dateModified":"2024-02-02T13:51:41+00:00","breadcrumb":{"@id":"https:\/\/naturalpharmaceuticals.eu\/sl\/nasi-izdelki\/omegamarine-junior\/#breadcrumb"},"inLanguage":"sl-SI","potentialAction":[{"@type":"ReadAction","target":["https:\/\/naturalpharmaceuticals.eu\/sl\/nasi-izdelki\/omegamarine-junior\/"]}]},{"@type":"ImageObject","inLanguage":"sl-SI","@id":"https:\/\/naturalpharmaceuticals.eu\/sl\/nasi-izdelki\/omegamarine-junior\/#primaryimage","url":"https:\/\/naturalpharmaceuticals.eu\/wp-content\/uploads\/sites\/2\/2020\/12\/PL_banner_760x300_v3_3_Natural_Pharmaceuticals_OmegaMarine_Junior.jpg","contentUrl":"https:\/\/naturalpharmaceuticals.eu\/wp-content\/uploads\/sites\/2\/2020\/12\/PL_banner_760x300_v3_3_Natural_Pharmaceuticals_OmegaMarine_Junior.jpg","width":760,"height":300},{"@type":"BreadcrumbList","@id":"https:\/\/naturalpharmaceuticals.eu\/sl\/nasi-izdelki\/omegamarine-junior\/#breadcrumb","itemListElement":[{"@type":"ListItem","position":1,"name":"Home","item":"https:\/\/naturalpharmaceuticals.eu\/sl\/"},{"@type":"ListItem","position":2,"name":"Na\u0161i Izdelki","item":"https:\/\/naturalpharmaceuticals.eu\/sl\/nasi-izdelki\/"},{"@type":"ListItem","position":3,"name":"OmegaMarine Junior+"}]},{"@type":"WebSite","@id":"https:\/\/naturalpharmaceuticals.eu\/sl\/#website","url":"https:\/\/naturalpharmaceuticals.eu\/sl\/","name":"Natural Pharmaceuticals","description":"","publisher":{"@id":"https:\/\/naturalpharmaceuticals.eu\/sl\/#organization"},"potentialAction":[{"@type":"SearchAction","target":{"@type":"EntryPoint","urlTemplate":"https:\/\/naturalpharmaceuticals.eu\/sl\/?s={search_term_string}"},"query-input":{"@type":"PropertyValueSpecification","valueRequired":true,"valueName":"search_term_string"}}],"inLanguage":"sl-SI"},{"@type":"Organization","@id":"https:\/\/naturalpharmaceuticals.eu\/sl\/#organization","name":"Natural Pharmaceuticals","url":"https:\/\/naturalpharmaceuticals.eu\/sl\/","logo":{"@type":"ImageObject","inLanguage":"sl-SI","@id":"https:\/\/naturalpharmaceuticals.eu\/sl\/#\/schema\/logo\/image\/","url":"https:\/\/naturalpharmaceuticals.eu\/wp-content\/uploads\/sites\/2\/2020\/11\/cropped-natural-pharmaceuticals-logo.png","contentUrl":"https:\/\/naturalpharmaceuticals.eu\/wp-content\/uploads\/sites\/2\/2020\/11\/cropped-natural-pharmaceuticals-logo.png","width":900,"height":323,"caption":"Natural Pharmaceuticals"},"image":{"@id":"https:\/\/naturalpharmaceuticals.eu\/sl\/#\/schema\/logo\/image\/"}}]}},"jetpack_sharing_enabled":true,"_links":{"self":[{"href":"https:\/\/naturalpharmaceuticals.eu\/sl\/wp-json\/wp\/v2\/pages\/3816","targetHints":{"allow":["GET"]}}],"collection":[{"href":"https:\/\/naturalpharmaceuticals.eu\/sl\/wp-json\/wp\/v2\/pages"}],"about":[{"href":"https:\/\/naturalpharmaceuticals.eu\/sl\/wp-json\/wp\/v2\/types\/page"}],"author":[{"embeddable":true,"href":"https:\/\/naturalpharmaceuticals.eu\/sl\/wp-json\/wp\/v2\/users\/1"}],"replies":[{"embeddable":true,"href":"https:\/\/naturalpharmaceuticals.eu\/sl\/wp-json\/wp\/v2\/comments?post=3816"}],"version-history":[{"count":5,"href":"https:\/\/naturalpharmaceuticals.eu\/sl\/wp-json\/wp\/v2\/pages\/3816\/revisions"}],"predecessor-version":[{"id":23275,"href":"https:\/\/naturalpharmaceuticals.eu\/sl\/wp-json\/wp\/v2\/pages\/3816\/revisions\/23275"}],"up":[{"embeddable":true,"href":"https:\/\/naturalpharmaceuticals.eu\/sl\/wp-json\/wp\/v2\/pages\/3733"}],"wp:featuredmedia":[{"embeddable":true,"href":"https:\/\/naturalpharmaceuticals.eu\/sl\/wp-json\/wp\/v2\/media\/3743"}],"wp:attachment":[{"href":"https:\/\/naturalpharmaceuticals.eu\/sl\/wp-json\/wp\/v2\/media?parent=3816"}],"curies":[{"name":"wp","href":"https:\/\/api.w.org\/{rel}","templated":true}]}}