{"id":3857,"date":"2021-05-10T14:16:39","date_gmt":"2021-05-10T14:16:39","guid":{"rendered":"https:\/\/naturalpharmaceuticals.eu\/?page_id=3857"},"modified":"2024-06-19T10:32:32","modified_gmt":"2024-06-19T10:32:32","slug":"proman-plus","status":"publish","type":"page","link":"https:\/\/naturalpharmaceuticals.eu\/sl\/nasi-izdelki\/proman-plus\/","title":{"rendered":"ProMan\u00ae Plus"},"content":{"rendered":"\n<div class=\"wp-block-group\"><div class=\"wp-block-group__inner-container is-layout-flow wp-block-group-is-layout-flow\">\n<div class=\"wp-block-columns is-layout-flex wp-container-core-columns-is-layout-1 wp-block-columns-is-layout-flex\">\n<div class=\"wp-block-column is-layout-flow wp-block-column-is-layout-flow\">\n<figure class=\"wp-block-image size-full sticky\"><img loading=\"lazy\" decoding=\"async\" width=\"768\" height=\"768\" src=\"https:\/\/naturalpharmaceuticals.eu\/wp-content\/uploads\/sites\/2\/2023\/05\/ProMan-montaz-z-kapsulka-SI.png\" alt=\"\" class=\"wp-image-18928\" srcset=\"https:\/\/naturalpharmaceuticals.eu\/wp-content\/uploads\/sites\/2\/2023\/05\/ProMan-montaz-z-kapsulka-SI.png 768w, https:\/\/naturalpharmaceuticals.eu\/wp-content\/uploads\/sites\/2\/2023\/05\/ProMan-montaz-z-kapsulka-SI-300x300.png 300w, https:\/\/naturalpharmaceuticals.eu\/wp-content\/uploads\/sites\/2\/2023\/05\/ProMan-montaz-z-kapsulka-SI-150x150.png 150w, https:\/\/naturalpharmaceuticals.eu\/wp-content\/uploads\/sites\/2\/2023\/05\/ProMan-montaz-z-kapsulka-SI-200x200.png 200w\" sizes=\"auto, (max-width: 768px) 100vw, 768px\" \/><\/figure>\n<\/div>\n\n\n\n<div class=\"wp-block-column product-info-frame is-layout-flow wp-block-column-is-layout-flow\">\n<p style=\"font-size:18px\"><strong>ProMan\u00ae Plus<\/strong><\/p>\n\n\n\n<ul class=\"wp-block-list\">\n<li>Prodajni hit za mo\u0161ke, starej\u0161e od 30 let.<\/li>\n\n\n\n<li>Ve\u010d kot 500.000 prodanih paketov v Srednji in Vzhodni Evropi.<\/li>\n\n\n\n<li>Aktivne sestavine pomagajo&nbsp;vzdr\u017eevati&nbsp;normalno raven testosterona.<\/li>\n\n\n\n<li>Prav tako&nbsp;k&nbsp;delovanju&nbsp;mi\u0161ic.<\/li>\n\n\n\n<li>Prispeva k zmanj\u0161evanju&nbsp;utrujenosti.<\/li>\n\n\n\n<li>Sestavine, dokumentirane s strani EU.<\/li>\n\n\n\n<li>Varna in u\u010dinkovita hranila, zasnovana posebej za mo\u0161ke.<\/li>\n\n\n\n<li>Zmogljivost, mo\u010d, energija.<\/li>\n<\/ul>\n\n\n\n<p><\/p>\n<\/div>\n<\/div>\n<\/div><\/div>\n\n\n\n<div class=\"packshot-bg-wrapper\"><div class=\"full-width-inside-container packshot-bg packshot-bg-pp\"><\/div><\/div>\n\n\n\n<p>Vloga klju\u010dnih sestavin zdravila ProMan\u00ae Plus  v \u010dlove\u0161kem telesu je v skladu s trditvami o vplivu na zdravje, ki jih je odobrila Evropska agencija za varnost hrane (EFSA):<\/p>\n\n\n\n<p>Magnezij in vitamin D prispevata k delovanju mi\u0161ic.&nbsp;<br>Magnezij in vitamin D prispevata k ohranjanju zdravih kosti.&nbsp;<br>Magnezij prispeva k ravnote\u017eju elektrolitov.&nbsp;<br>Magnezij ima vlogo pri sintezi beljakovin.&nbsp;<br>Niacin&nbsp;(vitamin B<sub>3<\/sub>), vitamin B<sub>6<\/sub>, vitamin B<sub>12<\/sub>&nbsp;in magnezij prispevajo k spro\u0161\u010danju energije pri presnovi.&nbsp;<br>Selen ima vlogo pri&nbsp;nastajanju semen\u010dic.&nbsp;<br>Cink ima vlogo pri plodnosti in razmno\u017eevanju.&nbsp;<br>Cink prispeva k vzdr\u017eevanju normalne ravni testosterona v krvi.&nbsp;<br>Niacin&nbsp;(vitamin B<sub>3<\/sub>), vitamin B<sub>6<\/sub>, vitamin B<sub>12<\/sub>&nbsp;in magnezij prispevajo k zmanj\u0161evanju utrujenosti in iz\u010drpanosti.&nbsp;<br>Selen in cink prispevata k ohranjanju zdravih las.&nbsp;<\/p>\n\n\n<div role=\"tabpanel\" class=\"wp-block-ub-tabbed-content-tab-content-wrap ub-hide\"\n        id=\"ub-tabbed-content--panel-0\" aria-labelledby=\"ub-tabbed-content--tab-0\" tabindex=\"0\">\n\n<p><a href=\"https:\/\/nordicmed.natural.pl\/?page_id=326\">Preview in new tab(opens in a new tab)<\/a><\/p>\n\n\n\n<p>reviews<\/p>\n\n<\/div>\n\n<div role=\"tabpanel\" class=\"wp-block-ub-tabbed-content-tab-content-wrap ub-hide\"\n        id=\"ub-tabbed-content--panel-1\" aria-labelledby=\"ub-tabbed-content--tab-1\" tabindex=\"0\">\n\n<p><\/p>\n\n<\/div>\n\n<div role=\"tabpanel\" class=\"wp-block-ub-tabbed-content-tab-content-wrap ub-hide\"\n        id=\"ub-tabbed-content--panel-2\" aria-labelledby=\"ub-tabbed-content--tab-2\" tabindex=\"0\">\n\n<p><\/p>\n\n<\/div>\n\n<div class=\"wp-block-ub-tabbed-content-block wp-block-ub-tabbed-content wp-block-ub-tabbed-content-holder wp-block-ub-tabbed-content-horizontal-holder-mobile wp-block-ub-tabbed-content-horizontal-holder-tablet\" id=\"ub-tabbed-content-8724d069-6f00-425f-8dd8-6b07575948d3\">\n\t\t\t<div class=\"wp-block-ub-tabbed-content-tab-holder horizontal-tab-width-mobile horizontal-tab-width-tablet\">\n\t\t\t\t<div role=\"tablist\" class=\"wp-block-ub-tabbed-content-tabs-title wp-block-ub-tabbed-content-tabs-title-mobile-horizontal-tab wp-block-ub-tabbed-content-tabs-title-tablet-horizontal-tab\"><div role=\"tab\" id=\"ub-tabbed-content-8724d069-6f00-425f-8dd8-6b07575948d3-tab-0\" aria-controls=\"ub-tabbed-content-8724d069-6f00-425f-8dd8-6b07575948d3-panel-0\" aria-selected=\"true\" class=\"wp-block-ub-tabbed-content-tab-title-wrap active\" style=\"\" tabindex=\"-1\">\n\t\t\t\t<div class=\"wp-block-ub-tabbed-content-tab-title\">Hranilne vrednosti<\/div>\n\t\t\t<\/div><\/div>\n\t\t\t<\/div>\n\t\t\t<div class=\"wp-block-ub-tabbed-content-tabs-content\" style=\"\"><div role=\"tabpanel\" class=\"wp-block-ub-tabbed-content-tab-content-wrap active\"\n        id=\"ub-tabbed-content-8724d069-6f00-425f-8dd8-6b07575948d3-panel-0\" aria-labelledby=\"ub-tabbed-content-8724d069-6f00-425f-8dd8-6b07575948d3-tab-0\" tabindex=\"0\">\n\n<p>ProMan\u00ae Plus<\/p>\n\n\n\n<figure class=\"wp-block-table is-style-borders\"><table><tbody><tr><th><strong>Sestava<\/strong><\/th><th>1 kapsule<\/th><th>% PDV *<\/th><\/tr><tr><td>Magnezij&nbsp;<\/td><td>187.5 mg<\/td><td>50<\/td><\/tr><tr><td>Suhi izvle\u010dek semena mnogosemenskega triplata (DER 4:1)<\/td><td>100 mg<\/td><td>&#8211;<\/td><\/tr><tr><td>Maca korenina v prahu\u00a0<\/td><td>75 mg<\/td><td>&#8211;<\/td><\/tr><tr><td>Suhi izvle\u010dek listov damiane (DER 10:1)<\/td><td>50 mg<\/td><td>&#8211;<\/td><\/tr><tr><td>Hidrolizirani proteini atlantske polenovke<\/td><td>27 mg<\/td><td>&#8211;<\/td><\/tr><tr><td>Niacin (vitamin B\u2083)<\/td><td>16 mg<\/td><td>100<\/td><\/tr><tr><td>Suhi izvle\u010dek korenine ginsenga, standardiziran na 8 %<br>ginsenozidov (DER 10:1)<\/td><td>15 mg<br>1,2 mg<\/td><td>&#8211;<\/td><\/tr><tr><td>Cink<\/td><td>10 mg<\/td><td>100<\/td><\/tr><tr><td>Vitamin B12<\/td><td>2.5 \u03bcg<\/td><td>100<\/td><\/tr><tr><td>Vitamin B6<\/td><td>2 mg<\/td><td>143<\/td><\/tr><tr><td>Vitamin D3<\/td><td>5 \u03bcg<\/td><td>100<\/td><\/tr><tr><td>Selen<\/td><td>55 \u03bcg<\/td><td>100<\/td><\/tr><\/tbody><\/table><\/figure>\n\n\n\n<p>* PDV \u2013\u00a0priporo\u010den\u00a0dnevni\u00a0vnos\u00a0<\/p>\n\n\n\n<p><strong>Sestavine: <\/strong>magnezijev oksid, suhi izvle\u010dek semen mnogosemenskega triplata (<em>Trigonella foenum-graecum L.<\/em>), goveja \u017eelatina; prah Maca korenine (<em>Lepidium meyenii<\/em> walp.),\u00a0 , suhi izvle\u010dek listov damiane (<em>Turnera diffusaWild. Ex Schult.<\/em>), hidrolizirani protein<strong> <\/strong>(<strong>riba<\/strong>)<strong> <\/strong>iz <strong>atlantske polenovke (<em>Gadus morhua<\/em>)<\/strong>, nikotinamid, suhi izvle\u010dek korenine ginsenga (<em>Panax ginsengC.A. Mey<\/em>.), standardiziran na 8 % ginsenozidov, cinkov oksid, sredstvo proti strjevanju: kalcijevi fosfati; cianokobalamin, piridoksin hidroklorid, gostilo: magnezijev stearat; holekalciferol, sredstvo proti strjevanju: silicijev dioksid; natrijev selenit; barvilo:, \u017eelezovi oksidi in hidroksidi, kalcijev karbonat.\u00a0<\/p>\n\n\n\n<p>Vsebuje Maca korenine, ginseng in magnezij, ki prispeva k normalnemu delovanju \u017eiv\u010dnega sistema ter zmanj\u0161evanju utrujenosti in iz\u010drpanosti. Damiana podpira telesno in du\u0161evno odpornost. Selen prispeva k normalni spermatogenezi. Cink prispeva k vzdr\u017eevanju normalne ravni testosterona v krvi in ima vlogo pri plodnosti ter razmno\u017eevanju.<\/p>\n\n\n\n<p><strong>ProMan\u00ae Plus \u2013 ena kapsula na dan<\/strong>&nbsp;<\/p>\n\n\n\n<p><strong>Navodila za uporabo:<\/strong>&nbsp;prehransko dopolnilo&nbsp;ProMan\u00ae Plus je bilo razvito posebej za mo\u0161ke, starej\u0161e od 30 let, ki \u017eelijo ohranjati optimalne ravni hranil med fizi\u010dno aktivnostjo, podpirati svoje reproduktivno zdravje ali na splo\u0161no ohranjati svoje zdravje in vitalnost.&nbsp;<\/p>\n\n\n\n<p><strong>Priporo\u010den dnevni odmerek:<\/strong>&nbsp;1 kapsula na dan&nbsp;<\/p>\n\n\n\n<p><strong>Neto te\u017ea:<\/strong>\u00a021,9 g (30 tablet v embala\u017ei, vsaka 730 mg)\u00a0<\/p>\n\n\n\n<p><strong>Opozorilo: <\/strong>Prehransko dopolnilo se ne sme uporabljati kot zamenjava (nadomestilo) za uravnote\u017eeno in raznovrstno prehrano. Uravnote\u017eena prehrana in zdrav \u017eivljenjski slog sta zelo pomembna. Zaradi prisotnosti izvle\u010dka ginsenga je treba po treh mesecih uporabe narediti 2-tedenski premor. Tega prehranskega dopolnila ne smete uporabljati, \u010de ste alergi\u010dni na katerokoli sestavino, uporabljeno v izdelku. Ljudje, ki jemljejo zdravila, naj se pred uporabo posvetujejo z zdravnikom.<\/p>\n\n\n\n<p><\/p>\n\n\n\n<p><strong>Rok uporabnosti:<\/strong>&nbsp;do datuma, odtisnjenega na embala\u017ei.&nbsp;<\/p>\n\n\n\n<p><strong>Proizvodna serija:&nbsp;<\/strong>navedeno na embala\u017ei.&nbsp;<\/p>\n\n\n\n<p><strong>Hramba:<\/strong>&nbsp;pri najve\u010d 25 \u00b0C, za\u0161\u010ditite pred svetlobo in vlago.&nbsp;<\/p>\n\n\n\n<p><strong>Proizvedeno na Norve\u0161kem<\/strong>&nbsp;s strani&nbsp;Pharmatech&nbsp;AS za&nbsp;<br>Natural&nbsp;Pharmaceuticals&nbsp;Sp. z&nbsp;o.o.&nbsp;<\/p>\n\n\n\n<p><strong>Distributer:<\/strong>&nbsp;Natural&nbsp;Pharmaceuticals&nbsp;Sp. z&nbsp;o.o.&nbsp;<br>Domaniewska&nbsp;28, 02-672 Var\u0161ava, Poljska<\/p>\n\n\n\n<p><\/p>\n\n<\/div><\/div>\n\t\t<\/div>\n\n\n<figure class=\"wp-block-image alignfull size-large\"><img loading=\"lazy\" decoding=\"async\" width=\"1024\" height=\"337\" src=\"https:\/\/naturalpharmaceuticals.eu\/wp-content\/uploads\/sites\/2\/2023\/05\/PP_www_bike_on_sand_count-SI-1024x337.png\" alt=\"\" class=\"wp-image-18937\" srcset=\"https:\/\/naturalpharmaceuticals.eu\/wp-content\/uploads\/sites\/2\/2023\/05\/PP_www_bike_on_sand_count-SI-1024x337.png 1024w, https:\/\/naturalpharmaceuticals.eu\/wp-content\/uploads\/sites\/2\/2023\/05\/PP_www_bike_on_sand_count-SI-300x99.png 300w, https:\/\/naturalpharmaceuticals.eu\/wp-content\/uploads\/sites\/2\/2023\/05\/PP_www_bike_on_sand_count-SI-768x253.png 768w, https:\/\/naturalpharmaceuticals.eu\/wp-content\/uploads\/sites\/2\/2023\/05\/PP_www_bike_on_sand_count-SI-1536x506.png 1536w, https:\/\/naturalpharmaceuticals.eu\/wp-content\/uploads\/sites\/2\/2023\/05\/PP_www_bike_on_sand_count-SI-2048x674.png 2048w\" sizes=\"auto, (max-width: 1024px) 100vw, 1024px\" \/><\/figure>\n\n\n\n<div class=\"wp-block-group alignwide\"><div class=\"wp-block-group__inner-container is-layout-flow wp-block-group-is-layout-flow\"><div class=\"wp-block-image\">\n<figure class=\"aligncenter size-medium\"><img loading=\"lazy\" decoding=\"async\" width=\"300\" height=\"300\" src=\"https:\/\/naturalpharmaceuticals.eu\/wp-content\/uploads\/sites\/2\/2020\/12\/meska-marka-roku-2020-300x300.png\" alt=\"\" class=\"wp-image-876\" srcset=\"https:\/\/naturalpharmaceuticals.eu\/wp-content\/uploads\/sites\/2\/2020\/12\/meska-marka-roku-2020-300x300.png 300w, https:\/\/naturalpharmaceuticals.eu\/wp-content\/uploads\/sites\/2\/2020\/12\/meska-marka-roku-2020-150x150.png 150w, https:\/\/naturalpharmaceuticals.eu\/wp-content\/uploads\/sites\/2\/2020\/12\/meska-marka-roku-2020-200x200.png 200w, https:\/\/naturalpharmaceuticals.eu\/wp-content\/uploads\/sites\/2\/2020\/12\/meska-marka-roku-2020.png 639w\" sizes=\"auto, (max-width: 300px) 100vw, 300px\" \/><\/figure><\/div><\/div><\/div>\n\n\n\n<p><\/p>\n","protected":false},"excerpt":{"rendered":"<p>ProMan\u00ae Plus Vloga klju\u010dnih sestavin zdravila ProMan\u00ae Plus v \u010dlove\u0161kem telesu je v skladu s trditvami o vplivu na zdravje, ki jih je odobrila Evropska agencija za varnost hrane (EFSA): Magnezij in vitamin D prispevata k delovanju mi\u0161ic.&nbsp;Magnezij in vitamin&#x2026; <\/p>\n<p class=\"more-link-container th-uppercase\"><a href=\"https:\/\/naturalpharmaceuticals.eu\/sl\/nasi-izdelki\/proman-plus\/\" class=\"more-link\">Read More <span class=\"screen-reader-text\">ProMan\u00ae Plus<\/span><\/a><\/p>\n","protected":false},"author":1,"featured_media":3747,"parent":3733,"menu_order":0,"comment_status":"closed","ping_status":"closed","template":"templates\/grid-full-width-page.php","meta":{"ub_ctt_via":"","footnotes":""},"class_list":["post-3857","page","type-page","status-publish","has-post-thumbnail","hentry"],"featured_image_src":"https:\/\/naturalpharmaceuticals.eu\/wp-content\/uploads\/sites\/2\/2020\/12\/PL_banner_760x300_v2_7_Natural_Pharmaceuticals_ProMan_Plus.jpg","yoast_head":"<!-- This site is optimized with the Yoast SEO plugin v24.4 - https:\/\/yoast.com\/wordpress\/plugins\/seo\/ -->\n<title>ProMan\u00ae Plus - Natural Pharmaceuticals<\/title>\n<meta name=\"robots\" content=\"index, follow, max-snippet:-1, max-image-preview:large, max-video-preview:-1\" \/>\n<link rel=\"canonical\" href=\"https:\/\/naturalpharmaceuticals.eu\/sl\/nasi-izdelki\/proman-plus\/\" \/>\n<meta property=\"og:locale\" content=\"sl_SI\" \/>\n<meta property=\"og:type\" content=\"article\" \/>\n<meta property=\"og:title\" content=\"ProMan\u00ae Plus - Natural Pharmaceuticals\" \/>\n<meta property=\"og:description\" content=\"ProMan\u00ae Plus Vloga klju\u010dnih sestavin zdravila ProMan\u00ae Plus v \u010dlove\u0161kem telesu je v skladu s trditvami o vplivu na zdravje, ki jih je odobrila Evropska agencija za varnost hrane (EFSA): Magnezij in vitamin D prispevata k delovanju mi\u0161ic.&nbsp;Magnezij in vitamin&#x2026; Read More ProMan\u00ae Plus\" \/>\n<meta property=\"og:url\" content=\"https:\/\/naturalpharmaceuticals.eu\/sl\/nasi-izdelki\/proman-plus\/\" \/>\n<meta property=\"og:site_name\" content=\"Natural Pharmaceuticals\" \/>\n<meta property=\"article:modified_time\" content=\"2024-06-19T10:32:32+00:00\" \/>\n<meta property=\"og:image\" content=\"https:\/\/naturalpharmaceuticals.eu\/wp-content\/uploads\/sites\/2\/2020\/12\/PL_banner_760x300_v2_7_Natural_Pharmaceuticals_ProMan_Plus.jpg\" \/>\n\t<meta property=\"og:image:width\" content=\"760\" \/>\n\t<meta property=\"og:image:height\" content=\"300\" \/>\n\t<meta property=\"og:image:type\" content=\"image\/jpeg\" \/>\n<meta name=\"twitter:card\" content=\"summary_large_image\" \/>\n<meta name=\"twitter:label1\" content=\"Est. reading time\" \/>\n\t<meta name=\"twitter:data1\" content=\"4 minute\" \/>\n<script type=\"application\/ld+json\" class=\"yoast-schema-graph\">{\"@context\":\"https:\/\/schema.org\",\"@graph\":[{\"@type\":\"WebPage\",\"@id\":\"https:\/\/naturalpharmaceuticals.eu\/sl\/nasi-izdelki\/proman-plus\/\",\"url\":\"https:\/\/naturalpharmaceuticals.eu\/sl\/nasi-izdelki\/proman-plus\/\",\"name\":\"ProMan\u00ae Plus - Natural Pharmaceuticals\",\"isPartOf\":{\"@id\":\"https:\/\/naturalpharmaceuticals.eu\/sl\/#website\"},\"primaryImageOfPage\":{\"@id\":\"https:\/\/naturalpharmaceuticals.eu\/sl\/nasi-izdelki\/proman-plus\/#primaryimage\"},\"image\":{\"@id\":\"https:\/\/naturalpharmaceuticals.eu\/sl\/nasi-izdelki\/proman-plus\/#primaryimage\"},\"thumbnailUrl\":\"https:\/\/naturalpharmaceuticals.eu\/wp-content\/uploads\/sites\/2\/2020\/12\/PL_banner_760x300_v2_7_Natural_Pharmaceuticals_ProMan_Plus.jpg\",\"datePublished\":\"2021-05-10T14:16:39+00:00\",\"dateModified\":\"2024-06-19T10:32:32+00:00\",\"breadcrumb\":{\"@id\":\"https:\/\/naturalpharmaceuticals.eu\/sl\/nasi-izdelki\/proman-plus\/#breadcrumb\"},\"inLanguage\":\"sl-SI\",\"potentialAction\":[{\"@type\":\"ReadAction\",\"target\":[\"https:\/\/naturalpharmaceuticals.eu\/sl\/nasi-izdelki\/proman-plus\/\"]}]},{\"@type\":\"ImageObject\",\"inLanguage\":\"sl-SI\",\"@id\":\"https:\/\/naturalpharmaceuticals.eu\/sl\/nasi-izdelki\/proman-plus\/#primaryimage\",\"url\":\"https:\/\/naturalpharmaceuticals.eu\/wp-content\/uploads\/sites\/2\/2020\/12\/PL_banner_760x300_v2_7_Natural_Pharmaceuticals_ProMan_Plus.jpg\",\"contentUrl\":\"https:\/\/naturalpharmaceuticals.eu\/wp-content\/uploads\/sites\/2\/2020\/12\/PL_banner_760x300_v2_7_Natural_Pharmaceuticals_ProMan_Plus.jpg\",\"width\":760,\"height\":300},{\"@type\":\"BreadcrumbList\",\"@id\":\"https:\/\/naturalpharmaceuticals.eu\/sl\/nasi-izdelki\/proman-plus\/#breadcrumb\",\"itemListElement\":[{\"@type\":\"ListItem\",\"position\":1,\"name\":\"Home\",\"item\":\"https:\/\/naturalpharmaceuticals.eu\/sl\/\"},{\"@type\":\"ListItem\",\"position\":2,\"name\":\"Na\u0161i Izdelki\",\"item\":\"https:\/\/naturalpharmaceuticals.eu\/sl\/nasi-izdelki\/\"},{\"@type\":\"ListItem\",\"position\":3,\"name\":\"ProMan\u00ae Plus\"}]},{\"@type\":\"WebSite\",\"@id\":\"https:\/\/naturalpharmaceuticals.eu\/sl\/#website\",\"url\":\"https:\/\/naturalpharmaceuticals.eu\/sl\/\",\"name\":\"Natural Pharmaceuticals\",\"description\":\"\",\"publisher\":{\"@id\":\"https:\/\/naturalpharmaceuticals.eu\/sl\/#organization\"},\"potentialAction\":[{\"@type\":\"SearchAction\",\"target\":{\"@type\":\"EntryPoint\",\"urlTemplate\":\"https:\/\/naturalpharmaceuticals.eu\/sl\/?s={search_term_string}\"},\"query-input\":{\"@type\":\"PropertyValueSpecification\",\"valueRequired\":true,\"valueName\":\"search_term_string\"}}],\"inLanguage\":\"sl-SI\"},{\"@type\":\"Organization\",\"@id\":\"https:\/\/naturalpharmaceuticals.eu\/sl\/#organization\",\"name\":\"Natural Pharmaceuticals\",\"url\":\"https:\/\/naturalpharmaceuticals.eu\/sl\/\",\"logo\":{\"@type\":\"ImageObject\",\"inLanguage\":\"sl-SI\",\"@id\":\"https:\/\/naturalpharmaceuticals.eu\/sl\/#\/schema\/logo\/image\/\",\"url\":\"https:\/\/naturalpharmaceuticals.eu\/wp-content\/uploads\/sites\/2\/2020\/11\/cropped-natural-pharmaceuticals-logo.png\",\"contentUrl\":\"https:\/\/naturalpharmaceuticals.eu\/wp-content\/uploads\/sites\/2\/2020\/11\/cropped-natural-pharmaceuticals-logo.png\",\"width\":900,\"height\":323,\"caption\":\"Natural Pharmaceuticals\"},\"image\":{\"@id\":\"https:\/\/naturalpharmaceuticals.eu\/sl\/#\/schema\/logo\/image\/\"}}]}<\/script>\n<!-- \/ Yoast SEO plugin. -->","yoast_head_json":{"title":"ProMan\u00ae Plus - Natural Pharmaceuticals","robots":{"index":"index","follow":"follow","max-snippet":"max-snippet:-1","max-image-preview":"max-image-preview:large","max-video-preview":"max-video-preview:-1"},"canonical":"https:\/\/naturalpharmaceuticals.eu\/sl\/nasi-izdelki\/proman-plus\/","og_locale":"sl_SI","og_type":"article","og_title":"ProMan\u00ae Plus - Natural Pharmaceuticals","og_description":"ProMan\u00ae Plus Vloga klju\u010dnih sestavin zdravila ProMan\u00ae Plus v \u010dlove\u0161kem telesu je v skladu s trditvami o vplivu na zdravje, ki jih je odobrila Evropska agencija za varnost hrane (EFSA): Magnezij in vitamin D prispevata k delovanju mi\u0161ic.&nbsp;Magnezij in vitamin&#x2026; Read More ProMan\u00ae Plus","og_url":"https:\/\/naturalpharmaceuticals.eu\/sl\/nasi-izdelki\/proman-plus\/","og_site_name":"Natural Pharmaceuticals","article_modified_time":"2024-06-19T10:32:32+00:00","og_image":[{"width":760,"height":300,"url":"https:\/\/naturalpharmaceuticals.eu\/wp-content\/uploads\/sites\/2\/2020\/12\/PL_banner_760x300_v2_7_Natural_Pharmaceuticals_ProMan_Plus.jpg","type":"image\/jpeg"}],"twitter_card":"summary_large_image","twitter_misc":{"Est. reading time":"4 minute"},"schema":{"@context":"https:\/\/schema.org","@graph":[{"@type":"WebPage","@id":"https:\/\/naturalpharmaceuticals.eu\/sl\/nasi-izdelki\/proman-plus\/","url":"https:\/\/naturalpharmaceuticals.eu\/sl\/nasi-izdelki\/proman-plus\/","name":"ProMan\u00ae Plus - Natural Pharmaceuticals","isPartOf":{"@id":"https:\/\/naturalpharmaceuticals.eu\/sl\/#website"},"primaryImageOfPage":{"@id":"https:\/\/naturalpharmaceuticals.eu\/sl\/nasi-izdelki\/proman-plus\/#primaryimage"},"image":{"@id":"https:\/\/naturalpharmaceuticals.eu\/sl\/nasi-izdelki\/proman-plus\/#primaryimage"},"thumbnailUrl":"https:\/\/naturalpharmaceuticals.eu\/wp-content\/uploads\/sites\/2\/2020\/12\/PL_banner_760x300_v2_7_Natural_Pharmaceuticals_ProMan_Plus.jpg","datePublished":"2021-05-10T14:16:39+00:00","dateModified":"2024-06-19T10:32:32+00:00","breadcrumb":{"@id":"https:\/\/naturalpharmaceuticals.eu\/sl\/nasi-izdelki\/proman-plus\/#breadcrumb"},"inLanguage":"sl-SI","potentialAction":[{"@type":"ReadAction","target":["https:\/\/naturalpharmaceuticals.eu\/sl\/nasi-izdelki\/proman-plus\/"]}]},{"@type":"ImageObject","inLanguage":"sl-SI","@id":"https:\/\/naturalpharmaceuticals.eu\/sl\/nasi-izdelki\/proman-plus\/#primaryimage","url":"https:\/\/naturalpharmaceuticals.eu\/wp-content\/uploads\/sites\/2\/2020\/12\/PL_banner_760x300_v2_7_Natural_Pharmaceuticals_ProMan_Plus.jpg","contentUrl":"https:\/\/naturalpharmaceuticals.eu\/wp-content\/uploads\/sites\/2\/2020\/12\/PL_banner_760x300_v2_7_Natural_Pharmaceuticals_ProMan_Plus.jpg","width":760,"height":300},{"@type":"BreadcrumbList","@id":"https:\/\/naturalpharmaceuticals.eu\/sl\/nasi-izdelki\/proman-plus\/#breadcrumb","itemListElement":[{"@type":"ListItem","position":1,"name":"Home","item":"https:\/\/naturalpharmaceuticals.eu\/sl\/"},{"@type":"ListItem","position":2,"name":"Na\u0161i Izdelki","item":"https:\/\/naturalpharmaceuticals.eu\/sl\/nasi-izdelki\/"},{"@type":"ListItem","position":3,"name":"ProMan\u00ae Plus"}]},{"@type":"WebSite","@id":"https:\/\/naturalpharmaceuticals.eu\/sl\/#website","url":"https:\/\/naturalpharmaceuticals.eu\/sl\/","name":"Natural Pharmaceuticals","description":"","publisher":{"@id":"https:\/\/naturalpharmaceuticals.eu\/sl\/#organization"},"potentialAction":[{"@type":"SearchAction","target":{"@type":"EntryPoint","urlTemplate":"https:\/\/naturalpharmaceuticals.eu\/sl\/?s={search_term_string}"},"query-input":{"@type":"PropertyValueSpecification","valueRequired":true,"valueName":"search_term_string"}}],"inLanguage":"sl-SI"},{"@type":"Organization","@id":"https:\/\/naturalpharmaceuticals.eu\/sl\/#organization","name":"Natural Pharmaceuticals","url":"https:\/\/naturalpharmaceuticals.eu\/sl\/","logo":{"@type":"ImageObject","inLanguage":"sl-SI","@id":"https:\/\/naturalpharmaceuticals.eu\/sl\/#\/schema\/logo\/image\/","url":"https:\/\/naturalpharmaceuticals.eu\/wp-content\/uploads\/sites\/2\/2020\/11\/cropped-natural-pharmaceuticals-logo.png","contentUrl":"https:\/\/naturalpharmaceuticals.eu\/wp-content\/uploads\/sites\/2\/2020\/11\/cropped-natural-pharmaceuticals-logo.png","width":900,"height":323,"caption":"Natural Pharmaceuticals"},"image":{"@id":"https:\/\/naturalpharmaceuticals.eu\/sl\/#\/schema\/logo\/image\/"}}]}},"jetpack_sharing_enabled":true,"_links":{"self":[{"href":"https:\/\/naturalpharmaceuticals.eu\/sl\/wp-json\/wp\/v2\/pages\/3857","targetHints":{"allow":["GET"]}}],"collection":[{"href":"https:\/\/naturalpharmaceuticals.eu\/sl\/wp-json\/wp\/v2\/pages"}],"about":[{"href":"https:\/\/naturalpharmaceuticals.eu\/sl\/wp-json\/wp\/v2\/types\/page"}],"author":[{"embeddable":true,"href":"https:\/\/naturalpharmaceuticals.eu\/sl\/wp-json\/wp\/v2\/users\/1"}],"replies":[{"embeddable":true,"href":"https:\/\/naturalpharmaceuticals.eu\/sl\/wp-json\/wp\/v2\/comments?post=3857"}],"version-history":[{"count":13,"href":"https:\/\/naturalpharmaceuticals.eu\/sl\/wp-json\/wp\/v2\/pages\/3857\/revisions"}],"predecessor-version":[{"id":35633,"href":"https:\/\/naturalpharmaceuticals.eu\/sl\/wp-json\/wp\/v2\/pages\/3857\/revisions\/35633"}],"up":[{"embeddable":true,"href":"https:\/\/naturalpharmaceuticals.eu\/sl\/wp-json\/wp\/v2\/pages\/3733"}],"wp:featuredmedia":[{"embeddable":true,"href":"https:\/\/naturalpharmaceuticals.eu\/sl\/wp-json\/wp\/v2\/media\/3747"}],"wp:attachment":[{"href":"https:\/\/naturalpharmaceuticals.eu\/sl\/wp-json\/wp\/v2\/media?parent=3857"}],"curies":[{"name":"wp","href":"https:\/\/api.w.org\/{rel}","templated":true}]}}