{"id":3870,"date":"2021-05-10T14:28:51","date_gmt":"2021-05-10T14:28:51","guid":{"rendered":"https:\/\/naturalpharmaceuticals.eu\/?page_id=3870"},"modified":"2025-10-08T14:09:27","modified_gmt":"2025-10-08T14:09:27","slug":"vistan","status":"publish","type":"page","link":"https:\/\/naturalpharmaceuticals.eu\/sl\/nasi-izdelki\/vistan\/","title":{"rendered":"Vistan"},"content":{"rendered":"\n<div class=\"wp-block-group\"><div class=\"wp-block-group__inner-container is-layout-flow wp-block-group-is-layout-flow\">\n<div class=\"wp-block-columns is-layout-flex wp-container-core-columns-is-layout-1 wp-block-columns-is-layout-flex\">\n<div class=\"wp-block-column is-layout-flow wp-block-column-is-layout-flow\">\n<figure class=\"wp-block-image size-full sticky\"><img loading=\"lazy\" decoding=\"async\" width=\"768\" height=\"768\" src=\"https:\/\/naturalpharmaceuticals.eu\/wp-content\/uploads\/sites\/2\/2025\/10\/VI_www_768x768.png\" alt=\"\" class=\"wp-image-36584\" srcset=\"https:\/\/naturalpharmaceuticals.eu\/wp-content\/uploads\/sites\/2\/2025\/10\/VI_www_768x768.png 768w, https:\/\/naturalpharmaceuticals.eu\/wp-content\/uploads\/sites\/2\/2025\/10\/VI_www_768x768-300x300.png 300w, https:\/\/naturalpharmaceuticals.eu\/wp-content\/uploads\/sites\/2\/2025\/10\/VI_www_768x768-150x150.png 150w, https:\/\/naturalpharmaceuticals.eu\/wp-content\/uploads\/sites\/2\/2025\/10\/VI_www_768x768-200x200.png 200w\" sizes=\"auto, (max-width: 768px) 100vw, 768px\" \/><\/figure>\n<\/div>\n\n\n\n<div class=\"wp-block-column product-info-frame is-layout-flow wp-block-column-is-layout-flow\">\n<p style=\"font-size:18px\"><strong>Vistan<\/strong><\/p>\n\n\n\n<ul class=\"wp-block-list list-style-check-sign line-height-2\">\n<li>Prehransko dopolnilo za va\u0161e o\u010di.&nbsp;<\/li>\n\n\n\n<li>Koristno za suhe in utrujene o\u010di.&nbsp;<\/li>\n\n\n\n<li>Pomaga ohranjati ustrezno vla\u017enost o\u010di.&nbsp;<\/li>\n\n\n\n<li>Popolno za vse, ki pre\u017eivijo veliko \u010dasa pred zaslonom.&nbsp;<\/li>\n\n\n\n<li>Dokumentirane sestavine pomagajo ohranjati dober vid.&nbsp;<\/li>\n\n\n\n<li>Narejeno na Norve\u0161kem.&nbsp;<\/li>\n<\/ul>\n\n\n\n<p><\/p>\n<\/div>\n<\/div>\n<\/div><\/div>\n\n\n\n<div class=\"packshot-bg-wrapper\"><div class=\"full-width-inside-container packshot-bg packshot-bg-vi\"><\/div><\/div>\n\n\n\n<p>Vloga klju\u010dnih sestavin zdravila Vistan v \u010dlove\u0161kem telesu je v skladu s trditvami o vplivu na zdravje, ki jih je odobrila Evropska agencija za varnost hrane (EFSA):<\/p>\n\n\n\n<p>Vitamin A in cink imata vlogo pri ohranjanju vida.&nbsp;<br>Cink ima vlogo pri presnovi vitamina A.&nbsp;<br>Baker prispeva k ohranjanju normalnega vezivnega tkiva.&nbsp;<\/p>\n\n\n<div role=\"tabpanel\" class=\"wp-block-ub-tabbed-content-tab-content-wrap ub-hide\"\n        id=\"ub-tabbed-content--panel-0\" aria-labelledby=\"ub-tabbed-content--tab-0\" tabindex=\"0\">\n\n<p><a href=\"https:\/\/nordicmed.natural.pl\/?page_id=326\">Preview in new tab(opens in a new tab)<\/a><\/p>\n\n\n\n<p>reviews<\/p>\n\n<\/div>\n\n<div role=\"tabpanel\" class=\"wp-block-ub-tabbed-content-tab-content-wrap ub-hide\"\n        id=\"ub-tabbed-content--panel-1\" aria-labelledby=\"ub-tabbed-content--tab-1\" tabindex=\"0\">\n\n<p><\/p>\n\n<\/div>\n\n<div role=\"tabpanel\" class=\"wp-block-ub-tabbed-content-tab-content-wrap ub-hide\"\n        id=\"ub-tabbed-content--panel-2\" aria-labelledby=\"ub-tabbed-content--tab-2\" tabindex=\"0\">\n\n<p><\/p>\n\n<\/div>\n\n<div class=\"wp-block-ub-tabbed-content-block wp-block-ub-tabbed-content wp-block-ub-tabbed-content-holder wp-block-ub-tabbed-content-horizontal-holder-mobile wp-block-ub-tabbed-content-horizontal-holder-tablet\" id=\"ub-tabbed-content-d67a750d-d1db-46aa-a2db-d8664680990c\">\n\t\t\t<div class=\"wp-block-ub-tabbed-content-tab-holder horizontal-tab-width-mobile horizontal-tab-width-tablet\">\n\t\t\t\t<div role=\"tablist\" class=\"wp-block-ub-tabbed-content-tabs-title wp-block-ub-tabbed-content-tabs-title-mobile-horizontal-tab wp-block-ub-tabbed-content-tabs-title-tablet-horizontal-tab\"><div role=\"tab\" id=\"ub-tabbed-content-d67a750d-d1db-46aa-a2db-d8664680990c-tab-0\" aria-controls=\"ub-tabbed-content-d67a750d-d1db-46aa-a2db-d8664680990c-panel-0\" aria-selected=\"true\" class=\"wp-block-ub-tabbed-content-tab-title-wrap active\" style=\"\" tabindex=\"-1\">\n\t\t\t\t<div class=\"wp-block-ub-tabbed-content-tab-title\">Hranilne vrednosti<\/div>\n\t\t\t<\/div><\/div>\n\t\t\t<\/div>\n\t\t\t<div class=\"wp-block-ub-tabbed-content-tabs-content\" style=\"\"><div role=\"tabpanel\" class=\"wp-block-ub-tabbed-content-tab-content-wrap active\"\n        id=\"ub-tabbed-content-d67a750d-d1db-46aa-a2db-d8664680990c-panel-0\" aria-labelledby=\"ub-tabbed-content-d67a750d-d1db-46aa-a2db-d8664680990c-tab-0\" tabindex=\"0\">\n\n<p>Vistan<\/p>\n\n\n\n<figure class=\"wp-block-table is-style-borders\"><table><tbody><tr><th><strong>Sestava<\/strong><\/th><th>2 kapsuli<\/th><th>PDV *<\/th><\/tr><tr><td>Borovnica, vsebuje:<\/td><td>250 mg<\/td><td>&#8211;<\/td><\/tr><tr><td>&nbsp;&nbsp;&nbsp;&nbsp;antociani<\/td><td>2.50 mg<\/td><td>&#8211;<\/td><\/tr><tr><td>Izvle\u010dek cvetov ognji\u010da<\/td><td>10 mg<\/td><td>&#8211;<\/td><\/tr><tr><td>&nbsp;&nbsp;&nbsp;&nbsp;lutein<\/td><td>2.30 mg<\/td><td>&#8211;<\/td><\/tr><tr><td>&nbsp;&nbsp;&nbsp;&nbsp;zeaksantin<\/td><td>50 \u03bcg<\/td><td>&#8211;<\/td><\/tr><tr><td>Cink<\/td><td>15.5 mg<\/td><td>155<\/td><\/tr><tr><td>Izvle\u010dek \u017eajblja<\/td><td>50 mg<\/td><td>&#8211;<\/td><\/tr><tr><td>Vitamin A<\/td><td>750 \u03bcg RE<\/td><td>94<\/td><\/tr><tr><td>Baker<\/td><td>2 500 \u03bcg<\/td><td>250<\/td><\/tr><tr><td>\u017delezo<\/td><td>13 mg<\/td><td>93<\/td><\/tr><tr><td>Vitamin E<\/td><td>12 mg \u03b1TE<\/td><td>100<\/td><\/tr><tr><td>Selen<\/td><td>55 \u03bcg<\/td><td>100<\/td><\/tr><\/tbody><\/table><\/figure>\n\n\n\n<p>* % Priporo\u010den dnevni vnos (PDV).&nbsp;<\/p>\n\n\n\n<p><strong>Sestavine:<\/strong>&nbsp;maltodekstrin, izvle\u010dek borovnice (Vaccinium myrtillus L.), standardizirana 1-odstotna vsebnost antocianov, goveja \u017eelatina, \u017eelezo [\u017eelezov (II) bisglicinat], cink (cinkov citrat), izvle\u010dek \u017eajblja (Salvia officinalis L.), vitamin E (D-alfa-tokoferil acetat), selen (kvas, obogaten s selenom), izvle\u010dek cvetov ognji\u010da (Calendula officinalis L.), standardizirana 20-odstotna vsebnost luteina, 50 \u00b5g zeaksantina, sredstva proti strjevanju (silicijev dioksid, magnezijeve soli ma\u0161\u010dobnih kislin, kalcijevi fosfati), baker (bakrov (II) sulfat, vitamin A (retinil acetat)).&nbsp;<\/p>\n\n\n\n<p><strong>Vitastan \u2013 dve kapsuli na dan<\/strong>&nbsp;<\/p>\n\n\n\n<p><strong>Navodila za uporabo:<\/strong>&nbsp;namen tega izdelka je dopolniti vsakodnevno prehrano s hranili, ki so klju\u010dnega pomena za ohranjanje vida.&nbsp;<\/p>\n\n\n\n<p><strong>Priporo\u010den dnevni odmerek:<\/strong>&nbsp;2 kapsuli na dan&nbsp;<\/p>\n\n\n\n<p><strong>Neto te\u017ea:<\/strong>&nbsp;36 g (60 kapsul v embala\u017ei, vsaka 0,6 g)&nbsp;<\/p>\n\n\n\n<p>Prehranska dopolnila niso nadomestilo za uravnote\u017eeno in raznovrstno prehrano. Hranite zunaj dosega otrok. Ne presegajte priporo\u010denega dnevnega odmerka.&nbsp;Ljudje, ki jemljejo zdravila, nose\u010dnice in doje\u010de matere se morajo pred u\u017eivanjem tega izdelka posvetovati z zdravnikom. Izdelka ne uporabljajte, \u010de ste alergi\u010dni na katero koli sestavino. Ne dajajte otrokom, mlaj\u0161im od 14 let.<\/p>\n\n\n\n<p><strong>Rok uporabnosti:<\/strong>&nbsp;do datuma, odtisnjenega na embala\u017ei.&nbsp;<\/p>\n\n\n\n<p><strong>Proizvodna serija:&nbsp;<\/strong>navedeno na embala\u017ei.&nbsp;<\/p>\n\n\n\n<p><strong>Hramba:<\/strong>&nbsp;pri najve\u010d 25 \u00b0C, za\u0161\u010ditite pred svetlobo in vlago.&nbsp;<\/p>\n\n\n\n<p><strong>Proizvedeno na Norve\u0161kem<\/strong>&nbsp;s strani Pharmatech AS za&nbsp;<br>Natural Pharmaceuticals Sp. z.o.o.&nbsp;<\/p>\n\n\n\n<p><strong>Distributer:<\/strong>&nbsp;Natural Pharmaceuticals Sp. z.o.o.&nbsp;<br>Domaniewska 28, 02-672 Var\u0161ava, Poljska<\/p>\n\n<\/div><\/div>\n\t\t<\/div>\n\n\n<figure class=\"wp-block-image alignfull size-full\"><img loading=\"lazy\" decoding=\"async\" width=\"1520\" height=\"501\" src=\"https:\/\/naturalpharmaceuticals.eu\/wp-content\/uploads\/sites\/2\/2021\/04\/Natural_Pharmaceuticals_Vistan_IMG_0093_vistan_a.jpg\" alt=\"\" class=\"wp-image-3425\" srcset=\"https:\/\/naturalpharmaceuticals.eu\/wp-content\/uploads\/sites\/2\/2021\/04\/Natural_Pharmaceuticals_Vistan_IMG_0093_vistan_a.jpg 1520w, https:\/\/naturalpharmaceuticals.eu\/wp-content\/uploads\/sites\/2\/2021\/04\/Natural_Pharmaceuticals_Vistan_IMG_0093_vistan_a-300x99.jpg 300w, https:\/\/naturalpharmaceuticals.eu\/wp-content\/uploads\/sites\/2\/2021\/04\/Natural_Pharmaceuticals_Vistan_IMG_0093_vistan_a-1024x338.jpg 1024w, https:\/\/naturalpharmaceuticals.eu\/wp-content\/uploads\/sites\/2\/2021\/04\/Natural_Pharmaceuticals_Vistan_IMG_0093_vistan_a-768x253.jpg 768w\" sizes=\"auto, (max-width: 1520px) 100vw, 1520px\" \/><\/figure>\n","protected":false},"excerpt":{"rendered":"<p>Vistan Vloga klju\u010dnih sestavin zdravila Vistan v \u010dlove\u0161kem telesu je v skladu s trditvami o vplivu na zdravje, ki jih je odobrila Evropska agencija za varnost hrane (EFSA): Vitamin A in cink imata vlogo pri ohranjanju vida.&nbsp;Cink ima vlogo pri&#x2026; <\/p>\n<p class=\"more-link-container th-uppercase\"><a href=\"https:\/\/naturalpharmaceuticals.eu\/sl\/nasi-izdelki\/vistan\/\" class=\"more-link\">Read More <span class=\"screen-reader-text\">Vistan<\/span><\/a><\/p>\n","protected":false},"author":1,"featured_media":36594,"parent":3733,"menu_order":0,"comment_status":"closed","ping_status":"closed","template":"templates\/grid-full-width-page.php","meta":{"ub_ctt_via":"","footnotes":""},"class_list":["post-3870","page","type-page","status-publish","has-post-thumbnail","hentry"],"featured_image_src":"https:\/\/naturalpharmaceuticals.eu\/wp-content\/uploads\/sites\/2\/2025\/10\/PL_banner_760x300_v3_12_Natural_Pharmaceuticals_Vistan.jpg","yoast_head":"<!-- This site is optimized with the Yoast SEO plugin v24.4 - https:\/\/yoast.com\/wordpress\/plugins\/seo\/ -->\n<title>Vistan - Natural Pharmaceuticals<\/title>\n<meta name=\"robots\" content=\"index, follow, max-snippet:-1, max-image-preview:large, max-video-preview:-1\" \/>\n<link rel=\"canonical\" href=\"https:\/\/naturalpharmaceuticals.eu\/sl\/nasi-izdelki\/vistan\/\" \/>\n<meta property=\"og:locale\" content=\"sl_SI\" \/>\n<meta property=\"og:type\" content=\"article\" \/>\n<meta property=\"og:title\" content=\"Vistan - Natural Pharmaceuticals\" \/>\n<meta property=\"og:description\" content=\"Vistan Vloga klju\u010dnih sestavin zdravila Vistan v \u010dlove\u0161kem telesu je v skladu s trditvami o vplivu na zdravje, ki jih je odobrila Evropska agencija za varnost hrane (EFSA): Vitamin A in cink imata vlogo pri ohranjanju vida.&nbsp;Cink ima vlogo pri&#x2026; Read More Vistan\" \/>\n<meta property=\"og:url\" content=\"https:\/\/naturalpharmaceuticals.eu\/sl\/nasi-izdelki\/vistan\/\" \/>\n<meta property=\"og:site_name\" content=\"Natural Pharmaceuticals\" \/>\n<meta property=\"article:modified_time\" content=\"2025-10-08T14:09:27+00:00\" \/>\n<meta property=\"og:image\" content=\"https:\/\/naturalpharmaceuticals.eu\/wp-content\/uploads\/sites\/2\/2025\/10\/PL_banner_760x300_v3_12_Natural_Pharmaceuticals_Vistan.jpg\" \/>\n\t<meta property=\"og:image:width\" content=\"760\" \/>\n\t<meta property=\"og:image:height\" content=\"300\" \/>\n\t<meta property=\"og:image:type\" content=\"image\/jpeg\" \/>\n<meta name=\"twitter:card\" content=\"summary_large_image\" \/>\n<meta name=\"twitter:label1\" content=\"Est. reading time\" \/>\n\t<meta name=\"twitter:data1\" content=\"3 minute\" \/>\n<script type=\"application\/ld+json\" class=\"yoast-schema-graph\">{\"@context\":\"https:\/\/schema.org\",\"@graph\":[{\"@type\":\"WebPage\",\"@id\":\"https:\/\/naturalpharmaceuticals.eu\/sl\/nasi-izdelki\/vistan\/\",\"url\":\"https:\/\/naturalpharmaceuticals.eu\/sl\/nasi-izdelki\/vistan\/\",\"name\":\"Vistan - Natural Pharmaceuticals\",\"isPartOf\":{\"@id\":\"https:\/\/naturalpharmaceuticals.eu\/sl\/#website\"},\"primaryImageOfPage\":{\"@id\":\"https:\/\/naturalpharmaceuticals.eu\/sl\/nasi-izdelki\/vistan\/#primaryimage\"},\"image\":{\"@id\":\"https:\/\/naturalpharmaceuticals.eu\/sl\/nasi-izdelki\/vistan\/#primaryimage\"},\"thumbnailUrl\":\"https:\/\/naturalpharmaceuticals.eu\/wp-content\/uploads\/sites\/2\/2025\/10\/PL_banner_760x300_v3_12_Natural_Pharmaceuticals_Vistan.jpg\",\"datePublished\":\"2021-05-10T14:28:51+00:00\",\"dateModified\":\"2025-10-08T14:09:27+00:00\",\"breadcrumb\":{\"@id\":\"https:\/\/naturalpharmaceuticals.eu\/sl\/nasi-izdelki\/vistan\/#breadcrumb\"},\"inLanguage\":\"sl-SI\",\"potentialAction\":[{\"@type\":\"ReadAction\",\"target\":[\"https:\/\/naturalpharmaceuticals.eu\/sl\/nasi-izdelki\/vistan\/\"]}]},{\"@type\":\"ImageObject\",\"inLanguage\":\"sl-SI\",\"@id\":\"https:\/\/naturalpharmaceuticals.eu\/sl\/nasi-izdelki\/vistan\/#primaryimage\",\"url\":\"https:\/\/naturalpharmaceuticals.eu\/wp-content\/uploads\/sites\/2\/2025\/10\/PL_banner_760x300_v3_12_Natural_Pharmaceuticals_Vistan.jpg\",\"contentUrl\":\"https:\/\/naturalpharmaceuticals.eu\/wp-content\/uploads\/sites\/2\/2025\/10\/PL_banner_760x300_v3_12_Natural_Pharmaceuticals_Vistan.jpg\",\"width\":760,\"height\":300},{\"@type\":\"BreadcrumbList\",\"@id\":\"https:\/\/naturalpharmaceuticals.eu\/sl\/nasi-izdelki\/vistan\/#breadcrumb\",\"itemListElement\":[{\"@type\":\"ListItem\",\"position\":1,\"name\":\"Home\",\"item\":\"https:\/\/naturalpharmaceuticals.eu\/sl\/\"},{\"@type\":\"ListItem\",\"position\":2,\"name\":\"Na\u0161i Izdelki\",\"item\":\"https:\/\/naturalpharmaceuticals.eu\/sl\/nasi-izdelki\/\"},{\"@type\":\"ListItem\",\"position\":3,\"name\":\"Vistan\"}]},{\"@type\":\"WebSite\",\"@id\":\"https:\/\/naturalpharmaceuticals.eu\/sl\/#website\",\"url\":\"https:\/\/naturalpharmaceuticals.eu\/sl\/\",\"name\":\"Natural Pharmaceuticals\",\"description\":\"\",\"publisher\":{\"@id\":\"https:\/\/naturalpharmaceuticals.eu\/sl\/#organization\"},\"potentialAction\":[{\"@type\":\"SearchAction\",\"target\":{\"@type\":\"EntryPoint\",\"urlTemplate\":\"https:\/\/naturalpharmaceuticals.eu\/sl\/?s={search_term_string}\"},\"query-input\":{\"@type\":\"PropertyValueSpecification\",\"valueRequired\":true,\"valueName\":\"search_term_string\"}}],\"inLanguage\":\"sl-SI\"},{\"@type\":\"Organization\",\"@id\":\"https:\/\/naturalpharmaceuticals.eu\/sl\/#organization\",\"name\":\"Natural Pharmaceuticals\",\"url\":\"https:\/\/naturalpharmaceuticals.eu\/sl\/\",\"logo\":{\"@type\":\"ImageObject\",\"inLanguage\":\"sl-SI\",\"@id\":\"https:\/\/naturalpharmaceuticals.eu\/sl\/#\/schema\/logo\/image\/\",\"url\":\"https:\/\/naturalpharmaceuticals.eu\/wp-content\/uploads\/sites\/2\/2020\/11\/cropped-natural-pharmaceuticals-logo.png\",\"contentUrl\":\"https:\/\/naturalpharmaceuticals.eu\/wp-content\/uploads\/sites\/2\/2020\/11\/cropped-natural-pharmaceuticals-logo.png\",\"width\":900,\"height\":323,\"caption\":\"Natural Pharmaceuticals\"},\"image\":{\"@id\":\"https:\/\/naturalpharmaceuticals.eu\/sl\/#\/schema\/logo\/image\/\"}}]}<\/script>\n<!-- \/ Yoast SEO plugin. -->","yoast_head_json":{"title":"Vistan - Natural Pharmaceuticals","robots":{"index":"index","follow":"follow","max-snippet":"max-snippet:-1","max-image-preview":"max-image-preview:large","max-video-preview":"max-video-preview:-1"},"canonical":"https:\/\/naturalpharmaceuticals.eu\/sl\/nasi-izdelki\/vistan\/","og_locale":"sl_SI","og_type":"article","og_title":"Vistan - Natural Pharmaceuticals","og_description":"Vistan Vloga klju\u010dnih sestavin zdravila Vistan v \u010dlove\u0161kem telesu je v skladu s trditvami o vplivu na zdravje, ki jih je odobrila Evropska agencija za varnost hrane (EFSA): Vitamin A in cink imata vlogo pri ohranjanju vida.&nbsp;Cink ima vlogo pri&#x2026; Read More Vistan","og_url":"https:\/\/naturalpharmaceuticals.eu\/sl\/nasi-izdelki\/vistan\/","og_site_name":"Natural Pharmaceuticals","article_modified_time":"2025-10-08T14:09:27+00:00","og_image":[{"width":760,"height":300,"url":"https:\/\/naturalpharmaceuticals.eu\/wp-content\/uploads\/sites\/2\/2025\/10\/PL_banner_760x300_v3_12_Natural_Pharmaceuticals_Vistan.jpg","type":"image\/jpeg"}],"twitter_card":"summary_large_image","twitter_misc":{"Est. reading time":"3 minute"},"schema":{"@context":"https:\/\/schema.org","@graph":[{"@type":"WebPage","@id":"https:\/\/naturalpharmaceuticals.eu\/sl\/nasi-izdelki\/vistan\/","url":"https:\/\/naturalpharmaceuticals.eu\/sl\/nasi-izdelki\/vistan\/","name":"Vistan - Natural Pharmaceuticals","isPartOf":{"@id":"https:\/\/naturalpharmaceuticals.eu\/sl\/#website"},"primaryImageOfPage":{"@id":"https:\/\/naturalpharmaceuticals.eu\/sl\/nasi-izdelki\/vistan\/#primaryimage"},"image":{"@id":"https:\/\/naturalpharmaceuticals.eu\/sl\/nasi-izdelki\/vistan\/#primaryimage"},"thumbnailUrl":"https:\/\/naturalpharmaceuticals.eu\/wp-content\/uploads\/sites\/2\/2025\/10\/PL_banner_760x300_v3_12_Natural_Pharmaceuticals_Vistan.jpg","datePublished":"2021-05-10T14:28:51+00:00","dateModified":"2025-10-08T14:09:27+00:00","breadcrumb":{"@id":"https:\/\/naturalpharmaceuticals.eu\/sl\/nasi-izdelki\/vistan\/#breadcrumb"},"inLanguage":"sl-SI","potentialAction":[{"@type":"ReadAction","target":["https:\/\/naturalpharmaceuticals.eu\/sl\/nasi-izdelki\/vistan\/"]}]},{"@type":"ImageObject","inLanguage":"sl-SI","@id":"https:\/\/naturalpharmaceuticals.eu\/sl\/nasi-izdelki\/vistan\/#primaryimage","url":"https:\/\/naturalpharmaceuticals.eu\/wp-content\/uploads\/sites\/2\/2025\/10\/PL_banner_760x300_v3_12_Natural_Pharmaceuticals_Vistan.jpg","contentUrl":"https:\/\/naturalpharmaceuticals.eu\/wp-content\/uploads\/sites\/2\/2025\/10\/PL_banner_760x300_v3_12_Natural_Pharmaceuticals_Vistan.jpg","width":760,"height":300},{"@type":"BreadcrumbList","@id":"https:\/\/naturalpharmaceuticals.eu\/sl\/nasi-izdelki\/vistan\/#breadcrumb","itemListElement":[{"@type":"ListItem","position":1,"name":"Home","item":"https:\/\/naturalpharmaceuticals.eu\/sl\/"},{"@type":"ListItem","position":2,"name":"Na\u0161i Izdelki","item":"https:\/\/naturalpharmaceuticals.eu\/sl\/nasi-izdelki\/"},{"@type":"ListItem","position":3,"name":"Vistan"}]},{"@type":"WebSite","@id":"https:\/\/naturalpharmaceuticals.eu\/sl\/#website","url":"https:\/\/naturalpharmaceuticals.eu\/sl\/","name":"Natural Pharmaceuticals","description":"","publisher":{"@id":"https:\/\/naturalpharmaceuticals.eu\/sl\/#organization"},"potentialAction":[{"@type":"SearchAction","target":{"@type":"EntryPoint","urlTemplate":"https:\/\/naturalpharmaceuticals.eu\/sl\/?s={search_term_string}"},"query-input":{"@type":"PropertyValueSpecification","valueRequired":true,"valueName":"search_term_string"}}],"inLanguage":"sl-SI"},{"@type":"Organization","@id":"https:\/\/naturalpharmaceuticals.eu\/sl\/#organization","name":"Natural Pharmaceuticals","url":"https:\/\/naturalpharmaceuticals.eu\/sl\/","logo":{"@type":"ImageObject","inLanguage":"sl-SI","@id":"https:\/\/naturalpharmaceuticals.eu\/sl\/#\/schema\/logo\/image\/","url":"https:\/\/naturalpharmaceuticals.eu\/wp-content\/uploads\/sites\/2\/2020\/11\/cropped-natural-pharmaceuticals-logo.png","contentUrl":"https:\/\/naturalpharmaceuticals.eu\/wp-content\/uploads\/sites\/2\/2020\/11\/cropped-natural-pharmaceuticals-logo.png","width":900,"height":323,"caption":"Natural Pharmaceuticals"},"image":{"@id":"https:\/\/naturalpharmaceuticals.eu\/sl\/#\/schema\/logo\/image\/"}}]}},"jetpack_sharing_enabled":true,"_links":{"self":[{"href":"https:\/\/naturalpharmaceuticals.eu\/sl\/wp-json\/wp\/v2\/pages\/3870","targetHints":{"allow":["GET"]}}],"collection":[{"href":"https:\/\/naturalpharmaceuticals.eu\/sl\/wp-json\/wp\/v2\/pages"}],"about":[{"href":"https:\/\/naturalpharmaceuticals.eu\/sl\/wp-json\/wp\/v2\/types\/page"}],"author":[{"embeddable":true,"href":"https:\/\/naturalpharmaceuticals.eu\/sl\/wp-json\/wp\/v2\/users\/1"}],"replies":[{"embeddable":true,"href":"https:\/\/naturalpharmaceuticals.eu\/sl\/wp-json\/wp\/v2\/comments?post=3870"}],"version-history":[{"count":5,"href":"https:\/\/naturalpharmaceuticals.eu\/sl\/wp-json\/wp\/v2\/pages\/3870\/revisions"}],"predecessor-version":[{"id":36619,"href":"https:\/\/naturalpharmaceuticals.eu\/sl\/wp-json\/wp\/v2\/pages\/3870\/revisions\/36619"}],"up":[{"embeddable":true,"href":"https:\/\/naturalpharmaceuticals.eu\/sl\/wp-json\/wp\/v2\/pages\/3733"}],"wp:featuredmedia":[{"embeddable":true,"href":"https:\/\/naturalpharmaceuticals.eu\/sl\/wp-json\/wp\/v2\/media\/36594"}],"wp:attachment":[{"href":"https:\/\/naturalpharmaceuticals.eu\/sl\/wp-json\/wp\/v2\/media?parent=3870"}],"curies":[{"name":"wp","href":"https:\/\/api.w.org\/{rel}","templated":true}]}}