{"id":3888,"date":"2021-05-10T14:42:03","date_gmt":"2021-05-10T14:42:03","guid":{"rendered":"https:\/\/naturalpharmaceuticals.eu\/?page_id=3888"},"modified":"2021-12-27T12:00:13","modified_gmt":"2021-12-27T12:00:13","slug":"vitamin-k2","status":"publish","type":"page","link":"https:\/\/naturalpharmaceuticals.eu\/sl\/nasi-izdelki\/vitamin-k2\/","title":{"rendered":"Vitamin K2+"},"content":{"rendered":"\n<div class=\"wp-block-group\"><div class=\"wp-block-group__inner-container is-layout-flow wp-block-group-is-layout-flow\">\n<div class=\"wp-block-columns is-layout-flex wp-container-core-columns-is-layout-1 wp-block-columns-is-layout-flex\">\n<div class=\"wp-block-column is-layout-flow wp-block-column-is-layout-flow\">\n<figure class=\"wp-block-image size-large sticky\"><img loading=\"lazy\" decoding=\"async\" width=\"768\" height=\"768\" src=\"https:\/\/naturalpharmaceuticals.eu\/wp-content\/uploads\/sites\/2\/2020\/12\/KV_www_768x768.png\" alt=\"\" class=\"wp-image-1046\" srcset=\"https:\/\/naturalpharmaceuticals.eu\/wp-content\/uploads\/sites\/2\/2020\/12\/KV_www_768x768.png 768w, https:\/\/naturalpharmaceuticals.eu\/wp-content\/uploads\/sites\/2\/2020\/12\/KV_www_768x768-300x300.png 300w, https:\/\/naturalpharmaceuticals.eu\/wp-content\/uploads\/sites\/2\/2020\/12\/KV_www_768x768-150x150.png 150w, https:\/\/naturalpharmaceuticals.eu\/wp-content\/uploads\/sites\/2\/2020\/12\/KV_www_768x768-200x200.png 200w\" sizes=\"auto, (max-width: 768px) 100vw, 768px\" \/><\/figure>\n<\/div>\n\n\n\n<div class=\"wp-block-column product-info-frame is-layout-flow wp-block-column-is-layout-flow\">\n<p style=\"font-size:18px\"><strong>Vitamin K2+<\/strong><\/p>\n\n\n\n<ul class=\"list-style-check-sign line-height-2 wp-block-list\"><li>Vsebuje VitaMK-7 \u2013 naravno obliko vitamina K<sub>2<\/sub>, ki se zlahka absorbira.&nbsp;<\/li><li>Vitamina K in D prispevata k ohranjanju zdravih kosti.&nbsp;<\/li><li>Prispeva k normalnemu strjevanju krvi.&nbsp;<\/li><li>Majhna kapsula, ki jo zlahka pogoltnete.&nbsp;<\/li><li>Samo ena kapsula na dan.<\/li><li>Narejeno na Norve\u0161kem.<\/li><\/ul>\n\n\n\n<p><\/p>\n<\/div>\n<\/div>\n<\/div><\/div>\n\n\n\n<div class=\"packshot-bg-wrapper\"><div class=\"full-width-inside-container packshot-bg packshot-bg-kv\"><\/div><\/div>\n\n\n\n<p>Vloga klju\u010dnih sestavin zdravila Vitamin K2+ v \u010dlove\u0161kem telesu je v skladu s trditvami o vplivu na zdravje, ki jih je odobrila Evropska agencija za varnost hrane (EFSA):<\/p>\n\n\n\n<p>Vitamin K prispeva k normalnemu strjevanju krvi.&nbsp;<br>Vitamina K in D prispevata k ohranjanju zdravih kosti.&nbsp;<br>Vitamin D prispeva k&nbsp;delovanju mi\u0161ic.&nbsp;<br>Vitamin D prispeva k ohranjanju zdravih zob.&nbsp;<br>Vitamin D prispeva k normalni ravni kalcija v krvi.&nbsp;<br>Vitamin D prispeva k normalni absorpciji\/uporabi kalcija in fosforja.&nbsp;<\/p>\n\n\n<div role=\"tabpanel\" class=\"wp-block-ub-tabbed-content-tab-content-wrap ub-hide\"\n        id=\"ub-tabbed-content--panel-0\" aria-labelledby=\"ub-tabbed-content--tab-0\" tabindex=\"0\">\n\n<p><a href=\"https:\/\/nordicmed.natural.pl\/?page_id=326\">Preview in new tab(opens in a new tab)<\/a><\/p>\n\n\n\n<p>reviews<\/p>\n\n<\/div>\n\n<div role=\"tabpanel\" class=\"wp-block-ub-tabbed-content-tab-content-wrap ub-hide\"\n        id=\"ub-tabbed-content--panel-1\" aria-labelledby=\"ub-tabbed-content--tab-1\" tabindex=\"0\">\n\n<p><\/p>\n\n<\/div>\n\n<div role=\"tabpanel\" class=\"wp-block-ub-tabbed-content-tab-content-wrap ub-hide\"\n        id=\"ub-tabbed-content--panel-2\" aria-labelledby=\"ub-tabbed-content--tab-2\" tabindex=\"0\">\n\n<p><\/p>\n\n<\/div>\n\n<div class=\"wp-block-ub-tabbed-content-block wp-block-ub-tabbed-content wp-block-ub-tabbed-content-holder wp-block-ub-tabbed-content-horizontal-holder-mobile wp-block-ub-tabbed-content-horizontal-holder-tablet\" id=\"ub-tabbed-content-127ef5cf-55ab-4fb1-9108-964f3a003b4d\">\n\t\t\t<div class=\"wp-block-ub-tabbed-content-tab-holder horizontal-tab-width-mobile horizontal-tab-width-tablet\">\n\t\t\t\t<div role=\"tablist\" class=\"wp-block-ub-tabbed-content-tabs-title wp-block-ub-tabbed-content-tabs-title-mobile-horizontal-tab wp-block-ub-tabbed-content-tabs-title-tablet-horizontal-tab\"><div role=\"tab\" id=\"ub-tabbed-content-127ef5cf-55ab-4fb1-9108-964f3a003b4d-tab-0\" aria-controls=\"ub-tabbed-content-127ef5cf-55ab-4fb1-9108-964f3a003b4d-panel-0\" aria-selected=\"true\" class=\"wp-block-ub-tabbed-content-tab-title-wrap active\" style=\"\" tabindex=\"-1\">\n\t\t\t\t<div class=\"wp-block-ub-tabbed-content-tab-title\">Hranilne vrednosti<\/div>\n\t\t\t<\/div><\/div>\n\t\t\t<\/div>\n\t\t\t<div class=\"wp-block-ub-tabbed-content-tabs-content\" style=\"\"><div role=\"tabpanel\" class=\"wp-block-ub-tabbed-content-tab-content-wrap active\"\n        id=\"ub-tabbed-content-127ef5cf-55ab-4fb1-9108-964f3a003b4d-panel-0\" aria-labelledby=\"ub-tabbed-content-127ef5cf-55ab-4fb1-9108-964f3a003b4d-tab-0\" tabindex=\"0\">\n\n<p>Vitamin K2+<\/p>\n\n\n\n<figure class=\"wp-block-table is-style-borders\"><table><tbody><tr><th><strong>Sestavine&nbsp;&nbsp;&nbsp;&nbsp;&nbsp;<\/strong><\/th><th><strong>Vsebina v 1 kapsuli&nbsp;<\/strong><\/th><th>% PDV *<\/th><\/tr><tr><td>Vitamin K<\/td><td>75 \u03bcg<\/td><td>100<\/td><\/tr><tr><td>Vitamin D<\/td><td>5 \u03bcg<\/td><td>100<\/td><\/tr><\/tbody><\/table><\/figure>\n\n\n\n<p>* Priporo\u010den dnevni vnos&nbsp;<\/p>\n\n\n\n<p><strong>Sestavine:<\/strong>&nbsp;srednjeveri\u017eni trigliceridi (iz kokosovega olja), svinjska&nbsp;\u017eelatina, stabilizator (glicerol), MK-7 (menakinon-7 iz Bacillus&nbsp;subtilis natto), barvilo (\u017eelezovi oksidi in hidroksidi), kolekalciferol.&nbsp;<\/p>\n\n\n\n<p>Vitamin K2+, ena kapsula na dan&nbsp;<\/p>\n\n\n\n<p><strong>Navodila za uporabo:<\/strong>&nbsp;prehransko dopolnilo Vitamin K2+ prispeva k ohranjanju zdravih kosti in normalnemu strjevanju krvi.&nbsp;<\/p>\n\n\n\n<p><strong>Priporo\u010den dnevni odmerek:<\/strong>&nbsp;1 kapsula na dan&nbsp;<\/p>\n\n\n\n<p><strong>Neto te\u017ea:<\/strong>&nbsp;172,8 g (360 kapsul v embala\u017ei, vsaka 480 mg)&nbsp;<\/p>\n\n\n\n<p>Prehranska dopolnilna niso nadomestilo za uravnote\u017eeno in raznovrstno prehrano. Hranite zunaj dosega otrok. Ne presegajte priporo\u010denega dnevnega odmerka.\u00a0Izdelka ne smejo u\u017eivati osebe, ki jemljejo zdravila proti strjevanju krvi, nose\u010dnice in doje\u010de matere. Osebe, ki jemljejo zdravila, se morajo pred u\u017eivanjem prehranskega dopolnila posvetovati z zdravnikom.<\/p>\n\n\n\n<p><strong>Rok uporabnosti:<\/strong>&nbsp;do datuma, odtisnjenega na embala\u017ei.&nbsp;<\/p>\n\n\n\n<p><strong>Proizvodna serija:&nbsp;<\/strong>navedeno na embala\u017ei.&nbsp;<\/p>\n\n\n\n<p><strong>Hramba:<\/strong>&nbsp;pri najve\u010d 25 \u00b0C, za\u0161\u010ditite pred svetlobo in vlago.&nbsp;<\/p>\n\n\n\n<p><strong>Proizvedeno na Norve\u0161kem<\/strong>&nbsp;s strani Pharmatech AS za&nbsp;<br>Natural Pharmaceuticals Sp. z o.o.&nbsp;<\/p>\n\n\n\n<p><strong>Distributer:<\/strong>&nbsp;Natural Pharmaceuticals Sp. z o.o.&nbsp;<br>Domaniewska 28, 02-672 Var\u0161ava, Poljska&nbsp;<\/p>\n\n\n\n<p><\/p>\n\n<\/div><\/div>\n\t\t<\/div>\n\n\n<figure class=\"wp-block-image alignfull size-full\"><img loading=\"lazy\" decoding=\"async\" width=\"1520\" height=\"500\" src=\"https:\/\/naturalpharmaceuticals.eu\/wp-content\/uploads\/sites\/2\/2021\/02\/Natural_Pharmaceuticals_Vitamin_K2_IMG_7535_K_a-min.jpg\" alt=\"\" class=\"wp-image-2562\" srcset=\"https:\/\/naturalpharmaceuticals.eu\/wp-content\/uploads\/sites\/2\/2021\/02\/Natural_Pharmaceuticals_Vitamin_K2_IMG_7535_K_a-min.jpg 1520w, https:\/\/naturalpharmaceuticals.eu\/wp-content\/uploads\/sites\/2\/2021\/02\/Natural_Pharmaceuticals_Vitamin_K2_IMG_7535_K_a-min-300x99.jpg 300w, https:\/\/naturalpharmaceuticals.eu\/wp-content\/uploads\/sites\/2\/2021\/02\/Natural_Pharmaceuticals_Vitamin_K2_IMG_7535_K_a-min-1024x337.jpg 1024w, https:\/\/naturalpharmaceuticals.eu\/wp-content\/uploads\/sites\/2\/2021\/02\/Natural_Pharmaceuticals_Vitamin_K2_IMG_7535_K_a-min-768x253.jpg 768w\" sizes=\"auto, (max-width: 1520px) 100vw, 1520px\" \/><\/figure>\n\n\n\n<p><\/p>\n","protected":false},"excerpt":{"rendered":"<p>Vitamin K2+ Vsebuje VitaMK-7 \u2013 naravno obliko vitamina K2, ki se zlahka absorbira.&nbsp; Vitamina K in D prispevata k ohranjanju zdravih kosti.&nbsp; Prispeva k normalnemu strjevanju krvi.&nbsp; Majhna kapsula, ki jo zlahka pogoltnete.&nbsp; Samo ena kapsula na dan. Narejeno na&#x2026; <\/p>\n<p class=\"more-link-container th-uppercase\"><a href=\"https:\/\/naturalpharmaceuticals.eu\/sl\/nasi-izdelki\/vitamin-k2\/\" class=\"more-link\">Read More <span class=\"screen-reader-text\">Vitamin K2+<\/span><\/a><\/p>\n","protected":false},"author":1,"featured_media":3748,"parent":3733,"menu_order":0,"comment_status":"closed","ping_status":"closed","template":"templates\/grid-full-width-page.php","meta":{"ub_ctt_via":"","footnotes":""},"class_list":["post-3888","page","type-page","status-publish","has-post-thumbnail","hentry"],"featured_image_src":"https:\/\/naturalpharmaceuticals.eu\/wp-content\/uploads\/sites\/2\/2020\/12\/PL_banner_760x300_v2_9_Natural_Pharmaceuticals_Vitamin_K2.jpg","yoast_head":"<!-- This site is optimized with the Yoast SEO plugin v24.4 - https:\/\/yoast.com\/wordpress\/plugins\/seo\/ -->\n<title>Vitamin K2+ - Natural Pharmaceuticals<\/title>\n<meta name=\"robots\" content=\"index, follow, max-snippet:-1, max-image-preview:large, max-video-preview:-1\" \/>\n<link rel=\"canonical\" href=\"https:\/\/naturalpharmaceuticals.eu\/sl\/nasi-izdelki\/vitamin-k2\/\" \/>\n<meta property=\"og:locale\" content=\"sl_SI\" \/>\n<meta property=\"og:type\" content=\"article\" \/>\n<meta property=\"og:title\" content=\"Vitamin K2+ - Natural Pharmaceuticals\" \/>\n<meta property=\"og:description\" content=\"Vitamin K2+ Vsebuje VitaMK-7 \u2013 naravno obliko vitamina K2, ki se zlahka absorbira.&nbsp; Vitamina K in D prispevata k ohranjanju zdravih kosti.&nbsp; Prispeva k normalnemu strjevanju krvi.&nbsp; Majhna kapsula, ki jo zlahka pogoltnete.&nbsp; Samo ena kapsula na dan. Narejeno na&#x2026; Read More Vitamin K2+\" \/>\n<meta property=\"og:url\" content=\"https:\/\/naturalpharmaceuticals.eu\/sl\/nasi-izdelki\/vitamin-k2\/\" \/>\n<meta property=\"og:site_name\" content=\"Natural Pharmaceuticals\" \/>\n<meta property=\"article:modified_time\" content=\"2021-12-27T12:00:13+00:00\" \/>\n<meta property=\"og:image\" content=\"https:\/\/naturalpharmaceuticals.eu\/wp-content\/uploads\/sites\/2\/2020\/12\/PL_banner_760x300_v2_9_Natural_Pharmaceuticals_Vitamin_K2.jpg\" \/>\n\t<meta property=\"og:image:width\" content=\"760\" \/>\n\t<meta property=\"og:image:height\" content=\"300\" \/>\n\t<meta property=\"og:image:type\" content=\"image\/jpeg\" \/>\n<meta name=\"twitter:card\" content=\"summary_large_image\" \/>\n<meta name=\"twitter:label1\" content=\"Est. reading time\" \/>\n\t<meta name=\"twitter:data1\" content=\"2 minuti\" \/>\n<script type=\"application\/ld+json\" class=\"yoast-schema-graph\">{\"@context\":\"https:\/\/schema.org\",\"@graph\":[{\"@type\":\"WebPage\",\"@id\":\"https:\/\/naturalpharmaceuticals.eu\/sl\/nasi-izdelki\/vitamin-k2\/\",\"url\":\"https:\/\/naturalpharmaceuticals.eu\/sl\/nasi-izdelki\/vitamin-k2\/\",\"name\":\"Vitamin K2+ - Natural Pharmaceuticals\",\"isPartOf\":{\"@id\":\"https:\/\/naturalpharmaceuticals.eu\/sl\/#website\"},\"primaryImageOfPage\":{\"@id\":\"https:\/\/naturalpharmaceuticals.eu\/sl\/nasi-izdelki\/vitamin-k2\/#primaryimage\"},\"image\":{\"@id\":\"https:\/\/naturalpharmaceuticals.eu\/sl\/nasi-izdelki\/vitamin-k2\/#primaryimage\"},\"thumbnailUrl\":\"https:\/\/naturalpharmaceuticals.eu\/wp-content\/uploads\/sites\/2\/2020\/12\/PL_banner_760x300_v2_9_Natural_Pharmaceuticals_Vitamin_K2.jpg\",\"datePublished\":\"2021-05-10T14:42:03+00:00\",\"dateModified\":\"2021-12-27T12:00:13+00:00\",\"breadcrumb\":{\"@id\":\"https:\/\/naturalpharmaceuticals.eu\/sl\/nasi-izdelki\/vitamin-k2\/#breadcrumb\"},\"inLanguage\":\"sl-SI\",\"potentialAction\":[{\"@type\":\"ReadAction\",\"target\":[\"https:\/\/naturalpharmaceuticals.eu\/sl\/nasi-izdelki\/vitamin-k2\/\"]}]},{\"@type\":\"ImageObject\",\"inLanguage\":\"sl-SI\",\"@id\":\"https:\/\/naturalpharmaceuticals.eu\/sl\/nasi-izdelki\/vitamin-k2\/#primaryimage\",\"url\":\"https:\/\/naturalpharmaceuticals.eu\/wp-content\/uploads\/sites\/2\/2020\/12\/PL_banner_760x300_v2_9_Natural_Pharmaceuticals_Vitamin_K2.jpg\",\"contentUrl\":\"https:\/\/naturalpharmaceuticals.eu\/wp-content\/uploads\/sites\/2\/2020\/12\/PL_banner_760x300_v2_9_Natural_Pharmaceuticals_Vitamin_K2.jpg\",\"width\":760,\"height\":300},{\"@type\":\"BreadcrumbList\",\"@id\":\"https:\/\/naturalpharmaceuticals.eu\/sl\/nasi-izdelki\/vitamin-k2\/#breadcrumb\",\"itemListElement\":[{\"@type\":\"ListItem\",\"position\":1,\"name\":\"Home\",\"item\":\"https:\/\/naturalpharmaceuticals.eu\/sl\/\"},{\"@type\":\"ListItem\",\"position\":2,\"name\":\"Na\u0161i Izdelki\",\"item\":\"https:\/\/naturalpharmaceuticals.eu\/sl\/nasi-izdelki\/\"},{\"@type\":\"ListItem\",\"position\":3,\"name\":\"Vitamin K2+\"}]},{\"@type\":\"WebSite\",\"@id\":\"https:\/\/naturalpharmaceuticals.eu\/sl\/#website\",\"url\":\"https:\/\/naturalpharmaceuticals.eu\/sl\/\",\"name\":\"Natural Pharmaceuticals\",\"description\":\"\",\"publisher\":{\"@id\":\"https:\/\/naturalpharmaceuticals.eu\/sl\/#organization\"},\"potentialAction\":[{\"@type\":\"SearchAction\",\"target\":{\"@type\":\"EntryPoint\",\"urlTemplate\":\"https:\/\/naturalpharmaceuticals.eu\/sl\/?s={search_term_string}\"},\"query-input\":{\"@type\":\"PropertyValueSpecification\",\"valueRequired\":true,\"valueName\":\"search_term_string\"}}],\"inLanguage\":\"sl-SI\"},{\"@type\":\"Organization\",\"@id\":\"https:\/\/naturalpharmaceuticals.eu\/sl\/#organization\",\"name\":\"Natural Pharmaceuticals\",\"url\":\"https:\/\/naturalpharmaceuticals.eu\/sl\/\",\"logo\":{\"@type\":\"ImageObject\",\"inLanguage\":\"sl-SI\",\"@id\":\"https:\/\/naturalpharmaceuticals.eu\/sl\/#\/schema\/logo\/image\/\",\"url\":\"https:\/\/naturalpharmaceuticals.eu\/wp-content\/uploads\/sites\/2\/2020\/11\/cropped-natural-pharmaceuticals-logo.png\",\"contentUrl\":\"https:\/\/naturalpharmaceuticals.eu\/wp-content\/uploads\/sites\/2\/2020\/11\/cropped-natural-pharmaceuticals-logo.png\",\"width\":900,\"height\":323,\"caption\":\"Natural Pharmaceuticals\"},\"image\":{\"@id\":\"https:\/\/naturalpharmaceuticals.eu\/sl\/#\/schema\/logo\/image\/\"}}]}<\/script>\n<!-- \/ Yoast SEO plugin. -->","yoast_head_json":{"title":"Vitamin K2+ - Natural Pharmaceuticals","robots":{"index":"index","follow":"follow","max-snippet":"max-snippet:-1","max-image-preview":"max-image-preview:large","max-video-preview":"max-video-preview:-1"},"canonical":"https:\/\/naturalpharmaceuticals.eu\/sl\/nasi-izdelki\/vitamin-k2\/","og_locale":"sl_SI","og_type":"article","og_title":"Vitamin K2+ - Natural Pharmaceuticals","og_description":"Vitamin K2+ Vsebuje VitaMK-7 \u2013 naravno obliko vitamina K2, ki se zlahka absorbira.&nbsp; Vitamina K in D prispevata k ohranjanju zdravih kosti.&nbsp; Prispeva k normalnemu strjevanju krvi.&nbsp; Majhna kapsula, ki jo zlahka pogoltnete.&nbsp; Samo ena kapsula na dan. Narejeno na&#x2026; Read More Vitamin K2+","og_url":"https:\/\/naturalpharmaceuticals.eu\/sl\/nasi-izdelki\/vitamin-k2\/","og_site_name":"Natural Pharmaceuticals","article_modified_time":"2021-12-27T12:00:13+00:00","og_image":[{"width":760,"height":300,"url":"https:\/\/naturalpharmaceuticals.eu\/wp-content\/uploads\/sites\/2\/2020\/12\/PL_banner_760x300_v2_9_Natural_Pharmaceuticals_Vitamin_K2.jpg","type":"image\/jpeg"}],"twitter_card":"summary_large_image","twitter_misc":{"Est. reading time":"2 minuti"},"schema":{"@context":"https:\/\/schema.org","@graph":[{"@type":"WebPage","@id":"https:\/\/naturalpharmaceuticals.eu\/sl\/nasi-izdelki\/vitamin-k2\/","url":"https:\/\/naturalpharmaceuticals.eu\/sl\/nasi-izdelki\/vitamin-k2\/","name":"Vitamin K2+ - Natural Pharmaceuticals","isPartOf":{"@id":"https:\/\/naturalpharmaceuticals.eu\/sl\/#website"},"primaryImageOfPage":{"@id":"https:\/\/naturalpharmaceuticals.eu\/sl\/nasi-izdelki\/vitamin-k2\/#primaryimage"},"image":{"@id":"https:\/\/naturalpharmaceuticals.eu\/sl\/nasi-izdelki\/vitamin-k2\/#primaryimage"},"thumbnailUrl":"https:\/\/naturalpharmaceuticals.eu\/wp-content\/uploads\/sites\/2\/2020\/12\/PL_banner_760x300_v2_9_Natural_Pharmaceuticals_Vitamin_K2.jpg","datePublished":"2021-05-10T14:42:03+00:00","dateModified":"2021-12-27T12:00:13+00:00","breadcrumb":{"@id":"https:\/\/naturalpharmaceuticals.eu\/sl\/nasi-izdelki\/vitamin-k2\/#breadcrumb"},"inLanguage":"sl-SI","potentialAction":[{"@type":"ReadAction","target":["https:\/\/naturalpharmaceuticals.eu\/sl\/nasi-izdelki\/vitamin-k2\/"]}]},{"@type":"ImageObject","inLanguage":"sl-SI","@id":"https:\/\/naturalpharmaceuticals.eu\/sl\/nasi-izdelki\/vitamin-k2\/#primaryimage","url":"https:\/\/naturalpharmaceuticals.eu\/wp-content\/uploads\/sites\/2\/2020\/12\/PL_banner_760x300_v2_9_Natural_Pharmaceuticals_Vitamin_K2.jpg","contentUrl":"https:\/\/naturalpharmaceuticals.eu\/wp-content\/uploads\/sites\/2\/2020\/12\/PL_banner_760x300_v2_9_Natural_Pharmaceuticals_Vitamin_K2.jpg","width":760,"height":300},{"@type":"BreadcrumbList","@id":"https:\/\/naturalpharmaceuticals.eu\/sl\/nasi-izdelki\/vitamin-k2\/#breadcrumb","itemListElement":[{"@type":"ListItem","position":1,"name":"Home","item":"https:\/\/naturalpharmaceuticals.eu\/sl\/"},{"@type":"ListItem","position":2,"name":"Na\u0161i Izdelki","item":"https:\/\/naturalpharmaceuticals.eu\/sl\/nasi-izdelki\/"},{"@type":"ListItem","position":3,"name":"Vitamin K2+"}]},{"@type":"WebSite","@id":"https:\/\/naturalpharmaceuticals.eu\/sl\/#website","url":"https:\/\/naturalpharmaceuticals.eu\/sl\/","name":"Natural Pharmaceuticals","description":"","publisher":{"@id":"https:\/\/naturalpharmaceuticals.eu\/sl\/#organization"},"potentialAction":[{"@type":"SearchAction","target":{"@type":"EntryPoint","urlTemplate":"https:\/\/naturalpharmaceuticals.eu\/sl\/?s={search_term_string}"},"query-input":{"@type":"PropertyValueSpecification","valueRequired":true,"valueName":"search_term_string"}}],"inLanguage":"sl-SI"},{"@type":"Organization","@id":"https:\/\/naturalpharmaceuticals.eu\/sl\/#organization","name":"Natural Pharmaceuticals","url":"https:\/\/naturalpharmaceuticals.eu\/sl\/","logo":{"@type":"ImageObject","inLanguage":"sl-SI","@id":"https:\/\/naturalpharmaceuticals.eu\/sl\/#\/schema\/logo\/image\/","url":"https:\/\/naturalpharmaceuticals.eu\/wp-content\/uploads\/sites\/2\/2020\/11\/cropped-natural-pharmaceuticals-logo.png","contentUrl":"https:\/\/naturalpharmaceuticals.eu\/wp-content\/uploads\/sites\/2\/2020\/11\/cropped-natural-pharmaceuticals-logo.png","width":900,"height":323,"caption":"Natural Pharmaceuticals"},"image":{"@id":"https:\/\/naturalpharmaceuticals.eu\/sl\/#\/schema\/logo\/image\/"}}]}},"jetpack_sharing_enabled":true,"_links":{"self":[{"href":"https:\/\/naturalpharmaceuticals.eu\/sl\/wp-json\/wp\/v2\/pages\/3888","targetHints":{"allow":["GET"]}}],"collection":[{"href":"https:\/\/naturalpharmaceuticals.eu\/sl\/wp-json\/wp\/v2\/pages"}],"about":[{"href":"https:\/\/naturalpharmaceuticals.eu\/sl\/wp-json\/wp\/v2\/types\/page"}],"author":[{"embeddable":true,"href":"https:\/\/naturalpharmaceuticals.eu\/sl\/wp-json\/wp\/v2\/users\/1"}],"replies":[{"embeddable":true,"href":"https:\/\/naturalpharmaceuticals.eu\/sl\/wp-json\/wp\/v2\/comments?post=3888"}],"version-history":[{"count":3,"href":"https:\/\/naturalpharmaceuticals.eu\/sl\/wp-json\/wp\/v2\/pages\/3888\/revisions"}],"predecessor-version":[{"id":8570,"href":"https:\/\/naturalpharmaceuticals.eu\/sl\/wp-json\/wp\/v2\/pages\/3888\/revisions\/8570"}],"up":[{"embeddable":true,"href":"https:\/\/naturalpharmaceuticals.eu\/sl\/wp-json\/wp\/v2\/pages\/3733"}],"wp:featuredmedia":[{"embeddable":true,"href":"https:\/\/naturalpharmaceuticals.eu\/sl\/wp-json\/wp\/v2\/media\/3748"}],"wp:attachment":[{"href":"https:\/\/naturalpharmaceuticals.eu\/sl\/wp-json\/wp\/v2\/media?parent=3888"}],"curies":[{"name":"wp","href":"https:\/\/api.w.org\/{rel}","templated":true}]}}