{"id":3894,"date":"2021-05-10T14:42:54","date_gmt":"2021-05-10T14:42:54","guid":{"rendered":"https:\/\/naturalpharmaceuticals.eu\/?page_id=3894"},"modified":"2025-12-11T17:44:54","modified_gmt":"2025-12-11T17:44:54","slug":"stik","status":"publish","type":"page","link":"https:\/\/naturalpharmaceuticals.eu\/sl\/stik\/","title":{"rendered":"Stik"},"content":{"rendered":"\n<div class=\"wp-block-group\"><div class=\"wp-block-group__inner-container is-layout-flow wp-block-group-is-layout-flow\">\n<div class=\"wp-block-columns is-layout-flex wp-container-core-columns-is-layout-1 wp-block-columns-is-layout-flex\">\n<div class=\"wp-block-column contact-info is-layout-flow wp-block-column-is-layout-flow\">\n<h2 class=\"wp-block-heading\">Zadovoljstvo strank<\/h2>\n\n\n\n<dl class=\"contact-info-list\">\n    <dt>e-naslov:<\/dt>\n    <dd><a href=\"mailto:info@naturalpharmaceuticals.eu\">info@naturalpharmaceuticals.eu<\/a><\/dd>\n\n    <dt>Fizi\u010dni naslov:<\/dt>\n    <dd>\nNatural Pharmaceuticals Sp. z o.o.<br>\nul. Domaniewska 28<br>\n02-672 Warszawa<br>\nPoland\n    <\/dd>\n\n    <dt>Zadovoljstvo strank Natural Pharmaceuticals:<\/dt>\n    <dd>\n        e-naslov: <a href=\"mailto:info@naturalpharmaceuticals.eu\">info@naturalpharmaceuticals.eu<\/a><br>\n        Na\u0161 oddelek za zadovoljstvo strank ima slede\u010di delovni \u010das: ponedeljek \u2013 petek, od 9. do 15. ure\n    <\/dd>\n<\/dl>\n<\/div>\n\n\n\n<div class=\"wp-block-column is-layout-flow wp-block-column-is-layout-flow\">\n<h2 class=\"wp-block-heading\">Kontaktni obrazec<\/h2>\n\n\n<div class=\"wp-block-jetpack-contact-form contact-form\"><a href=\"https:\/\/naturalpharmaceuticals.eu\/sl\/stik\/\" target=\"_blank\" rel=\"noopener noreferrer\">Submit a form.<\/a><\/div><\/div>\n<\/div>\n<\/div><\/div>\n","protected":false},"excerpt":{"rendered":"<p>Zadovoljstvo strank e-naslov: info@naturalpharmaceuticals.eu Fizi\u010dni naslov: Natural Pharmaceuticals Sp. z o.o. ul. Domaniewska 28 02-672 Warszawa Poland Zadovoljstvo strank Natural Pharmaceuticals: e-naslov: info@naturalpharmaceuticals.eu Na\u0161 oddelek za zadovoljstvo strank ima slede\u010di delovni \u010das: ponedeljek \u2013 petek, od 9. do 15. ure&#x2026; <\/p>\n<p class=\"more-link-container th-uppercase\"><a href=\"https:\/\/naturalpharmaceuticals.eu\/sl\/stik\/\" class=\"more-link\">Read More <span class=\"screen-reader-text\">Stik<\/span><\/a><\/p>\n","protected":false},"author":1,"featured_media":0,"parent":0,"menu_order":0,"comment_status":"closed","ping_status":"closed","template":"templates\/grid-full-width-page.php","meta":{"ub_ctt_via":"","footnotes":""},"class_list":["post-3894","page","type-page","status-publish","hentry"],"featured_image_src":null,"yoast_head":"<!-- This site is optimized with the Yoast SEO plugin v24.4 - https:\/\/yoast.com\/wordpress\/plugins\/seo\/ -->\n<title>Stik - Natural Pharmaceuticals<\/title>\n<meta name=\"robots\" content=\"index, follow, max-snippet:-1, max-image-preview:large, max-video-preview:-1\" \/>\n<link rel=\"canonical\" href=\"https:\/\/naturalpharmaceuticals.eu\/sl\/stik\/\" \/>\n<meta property=\"og:locale\" content=\"sl_SI\" \/>\n<meta property=\"og:type\" content=\"article\" \/>\n<meta property=\"og:title\" content=\"Stik - Natural Pharmaceuticals\" \/>\n<meta property=\"og:description\" content=\"Zadovoljstvo strank e-naslov: info@naturalpharmaceuticals.eu Fizi\u010dni naslov: Natural Pharmaceuticals Sp. z o.o. ul. Domaniewska 28 02-672 Warszawa Poland Zadovoljstvo strank Natural Pharmaceuticals: e-naslov: info@naturalpharmaceuticals.eu Na\u0161 oddelek za zadovoljstvo strank ima slede\u010di delovni \u010das: ponedeljek \u2013 petek, od 9. do 15. ure&#x2026; Read More Stik\" \/>\n<meta property=\"og:url\" content=\"https:\/\/naturalpharmaceuticals.eu\/sl\/stik\/\" \/>\n<meta property=\"og:site_name\" content=\"Natural Pharmaceuticals\" \/>\n<meta property=\"article:modified_time\" content=\"2025-12-11T17:44:54+00:00\" \/>\n<meta name=\"twitter:card\" content=\"summary_large_image\" \/>\n<meta name=\"twitter:label1\" content=\"Est. reading time\" \/>\n\t<meta name=\"twitter:data1\" content=\"1 minuta\" \/>\n<script type=\"application\/ld+json\" class=\"yoast-schema-graph\">{\"@context\":\"https:\/\/schema.org\",\"@graph\":[{\"@type\":\"WebPage\",\"@id\":\"https:\/\/naturalpharmaceuticals.eu\/sl\/stik\/\",\"url\":\"https:\/\/naturalpharmaceuticals.eu\/sl\/stik\/\",\"name\":\"Stik - Natural Pharmaceuticals\",\"isPartOf\":{\"@id\":\"https:\/\/naturalpharmaceuticals.eu\/sl\/#website\"},\"datePublished\":\"2021-05-10T14:42:54+00:00\",\"dateModified\":\"2025-12-11T17:44:54+00:00\",\"breadcrumb\":{\"@id\":\"https:\/\/naturalpharmaceuticals.eu\/sl\/stik\/#breadcrumb\"},\"inLanguage\":\"sl-SI\",\"potentialAction\":[{\"@type\":\"ReadAction\",\"target\":[\"https:\/\/naturalpharmaceuticals.eu\/sl\/stik\/\"]}]},{\"@type\":\"BreadcrumbList\",\"@id\":\"https:\/\/naturalpharmaceuticals.eu\/sl\/stik\/#breadcrumb\",\"itemListElement\":[{\"@type\":\"ListItem\",\"position\":1,\"name\":\"Home\",\"item\":\"https:\/\/naturalpharmaceuticals.eu\/sl\/\"},{\"@type\":\"ListItem\",\"position\":2,\"name\":\"Stik\"}]},{\"@type\":\"WebSite\",\"@id\":\"https:\/\/naturalpharmaceuticals.eu\/sl\/#website\",\"url\":\"https:\/\/naturalpharmaceuticals.eu\/sl\/\",\"name\":\"Natural Pharmaceuticals\",\"description\":\"\",\"publisher\":{\"@id\":\"https:\/\/naturalpharmaceuticals.eu\/sl\/#organization\"},\"potentialAction\":[{\"@type\":\"SearchAction\",\"target\":{\"@type\":\"EntryPoint\",\"urlTemplate\":\"https:\/\/naturalpharmaceuticals.eu\/sl\/?s={search_term_string}\"},\"query-input\":{\"@type\":\"PropertyValueSpecification\",\"valueRequired\":true,\"valueName\":\"search_term_string\"}}],\"inLanguage\":\"sl-SI\"},{\"@type\":\"Organization\",\"@id\":\"https:\/\/naturalpharmaceuticals.eu\/sl\/#organization\",\"name\":\"Natural Pharmaceuticals\",\"url\":\"https:\/\/naturalpharmaceuticals.eu\/sl\/\",\"logo\":{\"@type\":\"ImageObject\",\"inLanguage\":\"sl-SI\",\"@id\":\"https:\/\/naturalpharmaceuticals.eu\/sl\/#\/schema\/logo\/image\/\",\"url\":\"https:\/\/naturalpharmaceuticals.eu\/wp-content\/uploads\/sites\/2\/2020\/11\/cropped-natural-pharmaceuticals-logo.png\",\"contentUrl\":\"https:\/\/naturalpharmaceuticals.eu\/wp-content\/uploads\/sites\/2\/2020\/11\/cropped-natural-pharmaceuticals-logo.png\",\"width\":900,\"height\":323,\"caption\":\"Natural Pharmaceuticals\"},\"image\":{\"@id\":\"https:\/\/naturalpharmaceuticals.eu\/sl\/#\/schema\/logo\/image\/\"}}]}<\/script>\n<!-- \/ Yoast SEO plugin. -->","yoast_head_json":{"title":"Stik - Natural Pharmaceuticals","robots":{"index":"index","follow":"follow","max-snippet":"max-snippet:-1","max-image-preview":"max-image-preview:large","max-video-preview":"max-video-preview:-1"},"canonical":"https:\/\/naturalpharmaceuticals.eu\/sl\/stik\/","og_locale":"sl_SI","og_type":"article","og_title":"Stik - Natural Pharmaceuticals","og_description":"Zadovoljstvo strank e-naslov: info@naturalpharmaceuticals.eu Fizi\u010dni naslov: Natural Pharmaceuticals Sp. z o.o. ul. Domaniewska 28 02-672 Warszawa Poland Zadovoljstvo strank Natural Pharmaceuticals: e-naslov: info@naturalpharmaceuticals.eu Na\u0161 oddelek za zadovoljstvo strank ima slede\u010di delovni \u010das: ponedeljek \u2013 petek, od 9. do 15. ure&#x2026; Read More Stik","og_url":"https:\/\/naturalpharmaceuticals.eu\/sl\/stik\/","og_site_name":"Natural Pharmaceuticals","article_modified_time":"2025-12-11T17:44:54+00:00","twitter_card":"summary_large_image","twitter_misc":{"Est. reading time":"1 minuta"},"schema":{"@context":"https:\/\/schema.org","@graph":[{"@type":"WebPage","@id":"https:\/\/naturalpharmaceuticals.eu\/sl\/stik\/","url":"https:\/\/naturalpharmaceuticals.eu\/sl\/stik\/","name":"Stik - Natural Pharmaceuticals","isPartOf":{"@id":"https:\/\/naturalpharmaceuticals.eu\/sl\/#website"},"datePublished":"2021-05-10T14:42:54+00:00","dateModified":"2025-12-11T17:44:54+00:00","breadcrumb":{"@id":"https:\/\/naturalpharmaceuticals.eu\/sl\/stik\/#breadcrumb"},"inLanguage":"sl-SI","potentialAction":[{"@type":"ReadAction","target":["https:\/\/naturalpharmaceuticals.eu\/sl\/stik\/"]}]},{"@type":"BreadcrumbList","@id":"https:\/\/naturalpharmaceuticals.eu\/sl\/stik\/#breadcrumb","itemListElement":[{"@type":"ListItem","position":1,"name":"Home","item":"https:\/\/naturalpharmaceuticals.eu\/sl\/"},{"@type":"ListItem","position":2,"name":"Stik"}]},{"@type":"WebSite","@id":"https:\/\/naturalpharmaceuticals.eu\/sl\/#website","url":"https:\/\/naturalpharmaceuticals.eu\/sl\/","name":"Natural Pharmaceuticals","description":"","publisher":{"@id":"https:\/\/naturalpharmaceuticals.eu\/sl\/#organization"},"potentialAction":[{"@type":"SearchAction","target":{"@type":"EntryPoint","urlTemplate":"https:\/\/naturalpharmaceuticals.eu\/sl\/?s={search_term_string}"},"query-input":{"@type":"PropertyValueSpecification","valueRequired":true,"valueName":"search_term_string"}}],"inLanguage":"sl-SI"},{"@type":"Organization","@id":"https:\/\/naturalpharmaceuticals.eu\/sl\/#organization","name":"Natural Pharmaceuticals","url":"https:\/\/naturalpharmaceuticals.eu\/sl\/","logo":{"@type":"ImageObject","inLanguage":"sl-SI","@id":"https:\/\/naturalpharmaceuticals.eu\/sl\/#\/schema\/logo\/image\/","url":"https:\/\/naturalpharmaceuticals.eu\/wp-content\/uploads\/sites\/2\/2020\/11\/cropped-natural-pharmaceuticals-logo.png","contentUrl":"https:\/\/naturalpharmaceuticals.eu\/wp-content\/uploads\/sites\/2\/2020\/11\/cropped-natural-pharmaceuticals-logo.png","width":900,"height":323,"caption":"Natural Pharmaceuticals"},"image":{"@id":"https:\/\/naturalpharmaceuticals.eu\/sl\/#\/schema\/logo\/image\/"}}]}},"jetpack_sharing_enabled":true,"_links":{"self":[{"href":"https:\/\/naturalpharmaceuticals.eu\/sl\/wp-json\/wp\/v2\/pages\/3894","targetHints":{"allow":["GET"]}}],"collection":[{"href":"https:\/\/naturalpharmaceuticals.eu\/sl\/wp-json\/wp\/v2\/pages"}],"about":[{"href":"https:\/\/naturalpharmaceuticals.eu\/sl\/wp-json\/wp\/v2\/types\/page"}],"author":[{"embeddable":true,"href":"https:\/\/naturalpharmaceuticals.eu\/sl\/wp-json\/wp\/v2\/users\/1"}],"replies":[{"embeddable":true,"href":"https:\/\/naturalpharmaceuticals.eu\/sl\/wp-json\/wp\/v2\/comments?post=3894"}],"version-history":[{"count":4,"href":"https:\/\/naturalpharmaceuticals.eu\/sl\/wp-json\/wp\/v2\/pages\/3894\/revisions"}],"predecessor-version":[{"id":37637,"href":"https:\/\/naturalpharmaceuticals.eu\/sl\/wp-json\/wp\/v2\/pages\/3894\/revisions\/37637"}],"wp:attachment":[{"href":"https:\/\/naturalpharmaceuticals.eu\/sl\/wp-json\/wp\/v2\/media?parent=3894"}],"curies":[{"name":"wp","href":"https:\/\/api.w.org\/{rel}","templated":true}]}}